{"id":570110,"date":"2025-12-17T15:08:11","date_gmt":"2025-12-17T14:08:11","guid":{"rendered":"https:\/\/loveforever.se\/?post_type=product&#038;p=570110"},"modified":"2026-04-22T16:57:53","modified_gmt":"2026-04-22T14:57:53","slug":"joy-stretch-klanning-bla","status":"publish","type":"product","link":"https:\/\/loveforever.se\/en\/produkt\/joy-stretch-klanning-bla\/","title":{"rendered":"Joy Stretch Kl\u00e4nning Bl\u00e5"},"content":{"rendered":"","protected":false},"excerpt":{"rendered":"<p>Magiskt fin kl\u00e4nning i kornbl\u00e5 f\u00e4rg med sk\u00f6n, mjuk stretch \u2013 ett boho luxe-statement i \u00e4kta Love Forever-stil. Tyget \u00e4r strykfritt och enkelt att packa ned, perfekt f\u00f6r resa eller vardag. Den smickrande knytningen framtill framh\u00e4ver feminint och ger en fin siluett.<\/p>\n<p>One size som passar de flesta S\u2013XXL. Modellen Jennie \u00e4r 172 cm l\u00e5ng, har byst 115 cm och h\u00f6ft 120 cm, och kl\u00e4nningen sitter j\u00e4ttefint. Kl\u00e4nningen \u00e4r tillverkad i 95% polyester och 5% elastan, mjuk och stretchig f\u00f6r maximal komfort. L\u00e4ngd baktill: 123 cm, byst: 64 cm.<\/p>\n<p>Styla med boots eller klackar f\u00f6r fest, eller sneakers f\u00f6r vardag \u2013 en m\u00e5ngsidig garderobsklassiker som f\u00f6ljer din stil.<\/p>","protected":false},"featured_media":570106,"comment_status":"open","ping_status":"closed","template":"","meta":{"_acf_changed":false},"product_brand":[],"product_cat":[1151,1138,1156],"product_tag":[],"class_list":{"0":"post-570110","1":"product","2":"type-product","3":"status-publish","4":"has-post-thumbnail","6":"product_cat-klanningar-dam","7":"product_cat-klanningar-tunikor","8":"product_cat-korta","10":"first","11":"instock","12":"taxable","13":"shipping-taxable","14":"purchasable","15":"product-type-simple"},"acf":[],"gallery_images":[570105,570104,570103],"_links":{"self":[{"href":"https:\/\/loveforever.se\/en\/wp-json\/wp\/v2\/product\/570110","targetHints":{"allow":["GET"]}}],"collection":[{"href":"https:\/\/loveforever.se\/en\/wp-json\/wp\/v2\/product"}],"about":[{"href":"https:\/\/loveforever.se\/en\/wp-json\/wp\/v2\/types\/product"}],"replies":[{"embeddable":true,"href":"https:\/\/loveforever.se\/en\/wp-json\/wp\/v2\/comments?post=570110"}],"wp:featuredmedia":[{"embeddable":true,"href":"https:\/\/loveforever.se\/en\/wp-json\/wp\/v2\/media\/570106"}],"wp:attachment":[{"href":"https:\/\/loveforever.se\/en\/wp-json\/wp\/v2\/media?parent=570110"}],"wp:term":[{"taxonomy":"product_brand","embeddable":true,"href":"https:\/\/loveforever.se\/en\/wp-json\/wp\/v2\/product_brand?post=570110"},{"taxonomy":"product_cat","embeddable":true,"href":"https:\/\/loveforever.se\/en\/wp-json\/wp\/v2\/product_cat?post=570110"},{"taxonomy":"product_tag","embeddable":true,"href":"https:\/\/loveforever.se\/en\/wp-json\/wp\/v2\/product_tag?post=570110"}],"curies":[{"name":"wp","href":"https:\/\/api.w.org\/{rel}","templated":true}]}}