{"id":570119,"date":"2025-12-17T16:34:50","date_gmt":"2025-12-17T15:34:50","guid":{"rendered":"https:\/\/loveforever.se\/?post_type=product&#038;p=570119"},"modified":"2026-04-16T12:58:16","modified_gmt":"2026-04-16T10:58:16","slug":"joy-stretch-klanning-svart","status":"publish","type":"product","link":"https:\/\/loveforever.se\/en\/produkt\/joy-stretch-klanning-svart\/","title":{"rendered":"Joy Stretch Kl\u00e4nning Svart"},"content":{"rendered":"","protected":false},"excerpt":{"rendered":"<p>M\u00f6t din nya favoritkl\u00e4nning i svart! Mjuk, sk\u00f6n stretch som formar sig efter kroppen och ger en smickrande siluett med elegant knytning framtill. Tyget \u00e4r strykfritt och l\u00e4tt att packa \u2013 perfekt f\u00f6r b\u00e5de resa, vardag och fest.<\/p>\n<p>One size som passar de flesta S\u2013XXL. Modellen Jennie \u00e4r 172 cm l\u00e5ng, har byst 115 cm och h\u00f6ft 120 cm, och kl\u00e4nningen sitter fantastiskt fint. Tillverkad i 95% polyester och 5% elastan f\u00f6r maximal komfort och mjukhet. L\u00e4ngd baktill: 123 cm, byst: 64 cm.<\/p>\n<p>Styla med boots eller klackar f\u00f6r fest, eller sneakers f\u00f6r en avslappnad vardagslook \u2013 en m\u00e5ngsidig garderobsklassiker som alltid k\u00e4nns r\u00e4tt.<\/p>","protected":false},"featured_media":570121,"comment_status":"open","ping_status":"closed","template":"","meta":{"_acf_changed":false},"product_brand":[],"product_cat":[1151,1138,1156],"product_tag":[],"class_list":{"0":"post-570119","1":"product","2":"type-product","3":"status-publish","4":"has-post-thumbnail","6":"product_cat-klanningar-dam","7":"product_cat-klanningar-tunikor","8":"product_cat-korta","10":"first","11":"instock","12":"taxable","13":"shipping-taxable","14":"purchasable","15":"product-type-simple"},"acf":[],"gallery_images":[570122],"_links":{"self":[{"href":"https:\/\/loveforever.se\/en\/wp-json\/wp\/v2\/product\/570119","targetHints":{"allow":["GET"]}}],"collection":[{"href":"https:\/\/loveforever.se\/en\/wp-json\/wp\/v2\/product"}],"about":[{"href":"https:\/\/loveforever.se\/en\/wp-json\/wp\/v2\/types\/product"}],"replies":[{"embeddable":true,"href":"https:\/\/loveforever.se\/en\/wp-json\/wp\/v2\/comments?post=570119"}],"wp:featuredmedia":[{"embeddable":true,"href":"https:\/\/loveforever.se\/en\/wp-json\/wp\/v2\/media\/570121"}],"wp:attachment":[{"href":"https:\/\/loveforever.se\/en\/wp-json\/wp\/v2\/media?parent=570119"}],"wp:term":[{"taxonomy":"product_brand","embeddable":true,"href":"https:\/\/loveforever.se\/en\/wp-json\/wp\/v2\/product_brand?post=570119"},{"taxonomy":"product_cat","embeddable":true,"href":"https:\/\/loveforever.se\/en\/wp-json\/wp\/v2\/product_cat?post=570119"},{"taxonomy":"product_tag","embeddable":true,"href":"https:\/\/loveforever.se\/en\/wp-json\/wp\/v2\/product_tag?post=570119"}],"curies":[{"name":"wp","href":"https:\/\/api.w.org\/{rel}","templated":true}]}}