{"id":570129,"date":"2025-12-17T19:16:19","date_gmt":"2025-12-17T18:16:19","guid":{"rendered":"https:\/\/loveforever.se\/?post_type=product&#038;p=570129"},"modified":"2026-03-18T12:39:27","modified_gmt":"2026-03-18T11:39:27","slug":"joy-stretch-klanning-army","status":"publish","type":"product","link":"https:\/\/loveforever.se\/en\/produkt\/joy-stretch-klanning-army\/","title":{"rendered":"Joy Stretch Kl\u00e4nning Army"},"content":{"rendered":"","protected":false},"excerpt":{"rendered":"<p>Stilren army-kl\u00e4nning \u2013 boho luxe med dekorativ knut<br \/>\nMjuk och stretchig kl\u00e4nning i trendig army-gr\u00f6n nyans, med en dekorativ knut framtill som ger en subtil, elegant detalj. Tyget \u00e4r strykfritt och l\u00e4tt att packa \u2013 perfekt f\u00f6r vardag, resa eller fest.<\/p>\n<p>One size som passar de flesta S\u2013XXL. Modellen Jennie \u00e4r 172 cm l\u00e5ng, har byst 115 cm och h\u00f6ft 120 cm, och kl\u00e4nningen sitter j\u00e4ttefint. Tillverkad i 95% polyester och 5% elastan f\u00f6r maximal komfort. L\u00e4ngd baktill: 123 cm, byst: 64 cm.<\/p>\n<p>Styla med boots, klackar eller sneakers \u2013 en m\u00e5ngsidig garderobsklassiker med boho luxe-k\u00e4nsla.<\/p>","protected":false},"featured_media":570125,"comment_status":"open","ping_status":"closed","template":"","meta":{"_acf_changed":false},"product_brand":[],"product_cat":[1151,1138,1156],"product_tag":[],"class_list":{"0":"post-570129","1":"product","2":"type-product","3":"status-publish","4":"has-post-thumbnail","6":"product_cat-klanningar-dam","7":"product_cat-klanningar-tunikor","8":"product_cat-korta","10":"first","11":"instock","12":"taxable","13":"shipping-taxable","14":"purchasable","15":"product-type-simple"},"acf":[],"gallery_images":[570124],"_links":{"self":[{"href":"https:\/\/loveforever.se\/en\/wp-json\/wp\/v2\/product\/570129","targetHints":{"allow":["GET"]}}],"collection":[{"href":"https:\/\/loveforever.se\/en\/wp-json\/wp\/v2\/product"}],"about":[{"href":"https:\/\/loveforever.se\/en\/wp-json\/wp\/v2\/types\/product"}],"replies":[{"embeddable":true,"href":"https:\/\/loveforever.se\/en\/wp-json\/wp\/v2\/comments?post=570129"}],"wp:featuredmedia":[{"embeddable":true,"href":"https:\/\/loveforever.se\/en\/wp-json\/wp\/v2\/media\/570125"}],"wp:attachment":[{"href":"https:\/\/loveforever.se\/en\/wp-json\/wp\/v2\/media?parent=570129"}],"wp:term":[{"taxonomy":"product_brand","embeddable":true,"href":"https:\/\/loveforever.se\/en\/wp-json\/wp\/v2\/product_brand?post=570129"},{"taxonomy":"product_cat","embeddable":true,"href":"https:\/\/loveforever.se\/en\/wp-json\/wp\/v2\/product_cat?post=570129"},{"taxonomy":"product_tag","embeddable":true,"href":"https:\/\/loveforever.se\/en\/wp-json\/wp\/v2\/product_tag?post=570129"}],"curies":[{"name":"wp","href":"https:\/\/api.w.org\/{rel}","templated":true}]}}