{"id":570282,"date":"2026-01-03T15:51:11","date_gmt":"2026-01-03T14:51:11","guid":{"rendered":"https:\/\/loveforever.se\/?post_type=product&#038;p=570282"},"modified":"2026-05-07T10:38:21","modified_gmt":"2026-05-07T08:38:21","slug":"monica-viskosklanning-cerise","status":"publish","type":"product","link":"https:\/\/loveforever.se\/en\/produkt\/monica-viskosklanning-cerise\/","title":{"rendered":"Monica Viskoskl\u00e4nning Cerise"},"content":{"rendered":"","protected":false},"excerpt":{"rendered":"<p>Helt underbar bohemisk kl\u00e4nning i 100% viskos med vackert cerise print. Kl\u00e4nningen har trekvartsl\u00e5nga \u00e4rmar med fina volanger och en smickrande, luftig passform som r\u00f6r sig vackert n\u00e4r du g\u00e5r. Normal i storlek och perfekt f\u00f6r vardag, fest eller semester.<\/p>\n<p>Styla med sandaler eller boots f\u00f6r en avslappnad look, eller klackar och accessoarer f\u00f6r en festlig outfit.<\/p>\n<p>M\u00e5tt:<\/p>\n<p>S\u2013M: armh\u00e5la till armh\u00e5la 52 cm<\/p>\n<p>L\u2013XL: armh\u00e5la till armh\u00e5la 56 cm<\/p>\n<p>L\u00e4ngd ca S-M 130cm, L-XL 135cm<\/p>","protected":false},"featured_media":570270,"comment_status":"open","ping_status":"closed","template":"","meta":{"_acf_changed":false},"product_brand":[],"product_cat":[1155,1151,1138,1226,1152,1159],"product_tag":[],"class_list":{"0":"post-570282","1":"product","2":"type-product","3":"status-publish","4":"has-post-thumbnail","6":"product_cat-bohemiska","7":"product_cat-klanningar-dam","8":"product_cat-klanningar-tunikor","9":"product_cat-maxiklanningar","10":"product_cat-monstrade","11":"product_cat-nyheter","13":"first","14":"instock","15":"taxable","16":"shipping-taxable","17":"purchasable","18":"product-type-variable"},"acf":[],"gallery_images":[],"_links":{"self":[{"href":"https:\/\/loveforever.se\/en\/wp-json\/wp\/v2\/product\/570282","targetHints":{"allow":["GET"]}}],"collection":[{"href":"https:\/\/loveforever.se\/en\/wp-json\/wp\/v2\/product"}],"about":[{"href":"https:\/\/loveforever.se\/en\/wp-json\/wp\/v2\/types\/product"}],"replies":[{"embeddable":true,"href":"https:\/\/loveforever.se\/en\/wp-json\/wp\/v2\/comments?post=570282"}],"wp:featuredmedia":[{"embeddable":true,"href":"https:\/\/loveforever.se\/en\/wp-json\/wp\/v2\/media\/570270"}],"wp:attachment":[{"href":"https:\/\/loveforever.se\/en\/wp-json\/wp\/v2\/media?parent=570282"}],"wp:term":[{"taxonomy":"product_brand","embeddable":true,"href":"https:\/\/loveforever.se\/en\/wp-json\/wp\/v2\/product_brand?post=570282"},{"taxonomy":"product_cat","embeddable":true,"href":"https:\/\/loveforever.se\/en\/wp-json\/wp\/v2\/product_cat?post=570282"},{"taxonomy":"product_tag","embeddable":true,"href":"https:\/\/loveforever.se\/en\/wp-json\/wp\/v2\/product_tag?post=570282"}],"curies":[{"name":"wp","href":"https:\/\/api.w.org\/{rel}","templated":true}]}}