{"id":570349,"date":"2026-01-05T18:36:10","date_gmt":"2026-01-05T17:36:10","guid":{"rendered":"https:\/\/loveforever.se\/?post_type=product&#038;p=570349"},"modified":"2026-05-05T05:40:37","modified_gmt":"2026-05-05T03:40:37","slug":"betty-hangselbyxa-med-stretch","status":"publish","type":"product","link":"https:\/\/loveforever.se\/en\/produkt\/betty-hangselbyxa-med-stretch\/","title":{"rendered":"Betty H\u00e4ngselbyxa med stretch"},"content":{"rendered":"","protected":false},"excerpt":{"rendered":"<p>Supercoola baggy snickarbyxor i ljus jeanstv\u00e4tt \u2013 perfekta f\u00f6r b\u00e5de vardag och avslappnad fest. Tillverkade i tunnare jeanstyg som ger snygg passform och ett vackert fall, med sk\u00f6n stretch f\u00f6r maximal komfort.<\/p>\n<p>Byxorna har justerbara h\u00e4ngselband, h\u00e4llor i midjan och \u00e4r designade med bra l\u00e4ngd i benen f\u00f6r en avslappnad, modern siluett. Kombinera med t-shirt, hoodie eller skjorta f\u00f6r en stilren och trendig look.<\/p>\n<p>Material: Tunn stretchig denim, bekv\u00e4m och f\u00f6ljsam<br \/>\nStorlek: Normal i storlek, baggy passform<\/p>","protected":false},"featured_media":570348,"comment_status":"open","ping_status":"closed","template":"","meta":{"_acf_changed":false},"product_brand":[],"product_cat":[1225,1145,1146,1268,1208,1203],"product_tag":[],"class_list":{"0":"post-570349","1":"product","2":"type-product","3":"status-publish","4":"has-post-thumbnail","6":"product_cat-baggy-jeans","7":"product_cat-denim","8":"product_cat-nederdelar","9":"product_cat-readenim","10":"product_cat-shoppafranlive","11":"product_cat-rea","13":"first","14":"instock","15":"sale","16":"taxable","17":"shipping-taxable","18":"purchasable","19":"product-type-variable"},"acf":[],"gallery_images":[570352,570351,570350,570347,570354,570353,570346],"_links":{"self":[{"href":"https:\/\/loveforever.se\/en\/wp-json\/wp\/v2\/product\/570349","targetHints":{"allow":["GET"]}}],"collection":[{"href":"https:\/\/loveforever.se\/en\/wp-json\/wp\/v2\/product"}],"about":[{"href":"https:\/\/loveforever.se\/en\/wp-json\/wp\/v2\/types\/product"}],"replies":[{"embeddable":true,"href":"https:\/\/loveforever.se\/en\/wp-json\/wp\/v2\/comments?post=570349"}],"wp:featuredmedia":[{"embeddable":true,"href":"https:\/\/loveforever.se\/en\/wp-json\/wp\/v2\/media\/570348"}],"wp:attachment":[{"href":"https:\/\/loveforever.se\/en\/wp-json\/wp\/v2\/media?parent=570349"}],"wp:term":[{"taxonomy":"product_brand","embeddable":true,"href":"https:\/\/loveforever.se\/en\/wp-json\/wp\/v2\/product_brand?post=570349"},{"taxonomy":"product_cat","embeddable":true,"href":"https:\/\/loveforever.se\/en\/wp-json\/wp\/v2\/product_cat?post=570349"},{"taxonomy":"product_tag","embeddable":true,"href":"https:\/\/loveforever.se\/en\/wp-json\/wp\/v2\/product_tag?post=570349"}],"curies":[{"name":"wp","href":"https:\/\/api.w.org\/{rel}","templated":true}]}}