{"id":570432,"date":"2026-01-10T21:31:24","date_gmt":"2026-01-10T20:31:24","guid":{"rendered":"https:\/\/loveforever.se\/?post_type=product&#038;p=570432"},"modified":"2026-04-20T14:54:51","modified_gmt":"2026-04-20T12:54:51","slug":"bestie-balte-med-nitar-bronze-chocolate","status":"publish","type":"product","link":"https:\/\/loveforever.se\/en\/produkt\/bestie-balte-med-nitar-bronze-chocolate\/","title":{"rendered":"Bestie B\u00e4lte med nitar &#8211; bronze &#038; chocolate"},"content":{"rendered":"","protected":false},"excerpt":{"rendered":"<p>Tufft och snyggt b\u00e4lte med nitar i rockigt bohemisk stil \u2013 ett statement-accessoar som lyfter alla outfits. Finns i bronze eller chocolate, och pryds av coola nitar som ger edge utan att kompromissa med stil.<\/p>\n<p>B\u00e4ltet passar perfekt till jeans, kjol eller kl\u00e4nning n\u00e4r du vill markera midja eller h\u00f6ft. Finns i l\u00e4ngderna 85 cm, 90 cm, 95 cm och 100 cm, s\u00e5 att du hittar exakt passform f\u00f6r din look.<\/p>","protected":false},"featured_media":570431,"comment_status":"open","ping_status":"closed","template":"","meta":{"_acf_changed":false},"product_brand":[],"product_cat":[1133,1259],"product_tag":[],"class_list":{"0":"post-570432","1":"product","2":"type-product","3":"status-publish","4":"has-post-thumbnail","6":"product_cat-accessoarer","7":"product_cat-skarp","9":"first","10":"instock","11":"taxable","12":"shipping-taxable","13":"purchasable","14":"product-type-variable"},"acf":[],"gallery_images":[570413,570415,570414,570412],"_links":{"self":[{"href":"https:\/\/loveforever.se\/en\/wp-json\/wp\/v2\/product\/570432","targetHints":{"allow":["GET"]}}],"collection":[{"href":"https:\/\/loveforever.se\/en\/wp-json\/wp\/v2\/product"}],"about":[{"href":"https:\/\/loveforever.se\/en\/wp-json\/wp\/v2\/types\/product"}],"replies":[{"embeddable":true,"href":"https:\/\/loveforever.se\/en\/wp-json\/wp\/v2\/comments?post=570432"}],"wp:featuredmedia":[{"embeddable":true,"href":"https:\/\/loveforever.se\/en\/wp-json\/wp\/v2\/media\/570431"}],"wp:attachment":[{"href":"https:\/\/loveforever.se\/en\/wp-json\/wp\/v2\/media?parent=570432"}],"wp:term":[{"taxonomy":"product_brand","embeddable":true,"href":"https:\/\/loveforever.se\/en\/wp-json\/wp\/v2\/product_brand?post=570432"},{"taxonomy":"product_cat","embeddable":true,"href":"https:\/\/loveforever.se\/en\/wp-json\/wp\/v2\/product_cat?post=570432"},{"taxonomy":"product_tag","embeddable":true,"href":"https:\/\/loveforever.se\/en\/wp-json\/wp\/v2\/product_tag?post=570432"}],"curies":[{"name":"wp","href":"https:\/\/api.w.org\/{rel}","templated":true}]}}