{"id":570700,"date":"2026-01-18T12:06:10","date_gmt":"2026-01-18T11:06:10","guid":{"rendered":"https:\/\/loveforever.se\/?post_type=product&#038;p=570700"},"modified":"2026-04-12T18:03:32","modified_gmt":"2026-04-12T16:03:32","slug":"bla-leo-jeans-med-stretch","status":"publish","type":"product","link":"https:\/\/loveforever.se\/en\/produkt\/bla-leo-jeans-med-stretch\/","title":{"rendered":"Blue Leo Jeans with stretch"},"content":{"rendered":"","protected":false},"excerpt":{"rendered":"<p>Trendiga raka och vida jeans i mjukt, f\u00f6ljsamt jeanstyg med sk\u00f6n stretch som ger b\u00e5de komfort och snygg passform. Den ljusare jeanstv\u00e4tten kombineras med ett stilrent bl\u00e5tt leopardprint som ger ett modernt statement utan att k\u00e4nnas \u00f6verdrivet.<\/p>\n<p>Jeansen faller snyggt l\u00e4ngs benen och har bra benl\u00e4ngd som ger en elegant siluett. Passformen \u00e4r normal i storlek och sitter bekv\u00e4mt hela dagen. L\u00e4tta att styla med allt fr\u00e5n enkla toppar och stickat till skjorta, kavaj eller jeansjacka.<\/p>\n<p>Ett perfekt val f\u00f6r dig som vill addera m\u00f6nstrad denim till garderoben \u2013 trendigt, mjukt och bekv\u00e4mt i ett.<\/p>\n<p>Passform: Rak, vid modell<br \/>\nStorlek: Normal i storlek<br \/>\nMaterial: Mjukt stretchigt jeanstyg<br \/>\nF\u00e4rg: Ljus jeanstv\u00e4tt med bl\u00e5tt leopardprint<\/p>","protected":false},"featured_media":570692,"comment_status":"open","ping_status":"closed","template":"","meta":{"_acf_changed":false},"product_brand":[],"product_cat":[1225,1145,1146,1222],"product_tag":[],"class_list":{"0":"post-570700","1":"product","2":"type-product","3":"status-publish","4":"has-post-thumbnail","6":"product_cat-baggy-jeans","7":"product_cat-denim","8":"product_cat-nederdelar","9":"product_cat-stretch-jeans-dam","11":"first","12":"instock","13":"taxable","14":"shipping-taxable","15":"purchasable","16":"product-type-variable"},"acf":[],"gallery_images":[570691],"_links":{"self":[{"href":"https:\/\/loveforever.se\/en\/wp-json\/wp\/v2\/product\/570700","targetHints":{"allow":["GET"]}}],"collection":[{"href":"https:\/\/loveforever.se\/en\/wp-json\/wp\/v2\/product"}],"about":[{"href":"https:\/\/loveforever.se\/en\/wp-json\/wp\/v2\/types\/product"}],"replies":[{"embeddable":true,"href":"https:\/\/loveforever.se\/en\/wp-json\/wp\/v2\/comments?post=570700"}],"wp:featuredmedia":[{"embeddable":true,"href":"https:\/\/loveforever.se\/en\/wp-json\/wp\/v2\/media\/570692"}],"wp:attachment":[{"href":"https:\/\/loveforever.se\/en\/wp-json\/wp\/v2\/media?parent=570700"}],"wp:term":[{"taxonomy":"product_brand","embeddable":true,"href":"https:\/\/loveforever.se\/en\/wp-json\/wp\/v2\/product_brand?post=570700"},{"taxonomy":"product_cat","embeddable":true,"href":"https:\/\/loveforever.se\/en\/wp-json\/wp\/v2\/product_cat?post=570700"},{"taxonomy":"product_tag","embeddable":true,"href":"https:\/\/loveforever.se\/en\/wp-json\/wp\/v2\/product_tag?post=570700"}],"curies":[{"name":"wp","href":"https:\/\/api.w.org\/{rel}","templated":true}]}}