{"id":570741,"date":"2026-01-19T16:46:45","date_gmt":"2026-01-19T15:46:45","guid":{"rendered":"https:\/\/loveforever.se\/?post_type=product&#038;p=570741"},"modified":"2026-04-12T18:03:20","modified_gmt":"2026-04-12T16:03:20","slug":"elles-stretchig-spetsbody-beige","status":"publish","type":"product","link":"https:\/\/loveforever.se\/en\/produkt\/elles-stretchig-spetsbody-beige\/","title":{"rendered":"Elles Stretchig Spetsbody Beige"},"content":{"rendered":"","protected":false},"excerpt":{"rendered":"<p>Spetsbody \u2013 Feminin &#038; Trendig i Stretchig Spets i underbar beige f\u00e4rg<\/p>\n<p>Superfin spetsbody i mjuk, stretchig spets som sitter snyggt mot kroppen och ger en elegant siluett. Den feminina designen g\u00f6r den till ett perfekt statementplagg som lyfter vilken outfit som helst.<\/p>\n<p>Otroligt snygg att kombinera med baggy jeans, skinnbyxor eller kjol f\u00f6r en balanserad mix av feminint och trendigt. Perfekt b\u00e5de f\u00f6r vardag med kavaj \u00f6ver och f\u00f6r kv\u00e4ll n\u00e4r du vill ha en mer uppkl\u00e4dd look.<\/p>\n<p>Modellen \u00e4r liten i storleken, s\u00e5 vi rekommenderar att du g\u00e5r upp en storlek f\u00f6r b\u00e4sta passform. Modellen p\u00e5 bilden b\u00e4r storlek S.<\/p>\n<p>Passform: Liten i storlek \u2013 v\u00e4lj en storlek st\u00f6rre<br \/>\nMaterial: Stretchig spets<br \/>\nStil: Feminin, trendig och m\u00e5ngsidig<\/p>","protected":false},"featured_media":570728,"comment_status":"open","ping_status":"closed","template":"","meta":{"_acf_changed":false},"product_brand":[],"product_cat":[1251,1147,1241,1203],"product_tag":[],"class_list":{"0":"post-570741","1":"product","2":"type-product","3":"status-publish","4":"has-post-thumbnail","6":"product_cat-blusar-rea","7":"product_cat-toppar-blusar","8":"product_cat-rea-50","9":"product_cat-rea","11":"first","12":"instock","13":"sale","14":"taxable","15":"shipping-taxable","16":"purchasable","17":"product-type-variable"},"acf":[],"gallery_images":[570731,570730,570729],"_links":{"self":[{"href":"https:\/\/loveforever.se\/en\/wp-json\/wp\/v2\/product\/570741","targetHints":{"allow":["GET"]}}],"collection":[{"href":"https:\/\/loveforever.se\/en\/wp-json\/wp\/v2\/product"}],"about":[{"href":"https:\/\/loveforever.se\/en\/wp-json\/wp\/v2\/types\/product"}],"replies":[{"embeddable":true,"href":"https:\/\/loveforever.se\/en\/wp-json\/wp\/v2\/comments?post=570741"}],"wp:featuredmedia":[{"embeddable":true,"href":"https:\/\/loveforever.se\/en\/wp-json\/wp\/v2\/media\/570728"}],"wp:attachment":[{"href":"https:\/\/loveforever.se\/en\/wp-json\/wp\/v2\/media?parent=570741"}],"wp:term":[{"taxonomy":"product_brand","embeddable":true,"href":"https:\/\/loveforever.se\/en\/wp-json\/wp\/v2\/product_brand?post=570741"},{"taxonomy":"product_cat","embeddable":true,"href":"https:\/\/loveforever.se\/en\/wp-json\/wp\/v2\/product_cat?post=570741"},{"taxonomy":"product_tag","embeddable":true,"href":"https:\/\/loveforever.se\/en\/wp-json\/wp\/v2\/product_tag?post=570741"}],"curies":[{"name":"wp","href":"https:\/\/api.w.org\/{rel}","templated":true}]}}