{"id":570752,"date":"2026-01-19T16:47:39","date_gmt":"2026-01-19T15:47:39","guid":{"rendered":"https:\/\/loveforever.se\/?post_type=product&#038;p=570752"},"modified":"2026-04-23T07:24:09","modified_gmt":"2026-04-23T05:24:09","slug":"elles-stretchig-spetsbody-vit","status":"publish","type":"product","link":"https:\/\/loveforever.se\/en\/produkt\/elles-stretchig-spetsbody-vit\/","title":{"rendered":"Elles Stretchig Spetsbody Vit"},"content":{"rendered":"","protected":false},"excerpt":{"rendered":"<p>Spetsbody \u2013 Vit &#038; Elegant i Stretchig Spets<\/p>\n<p>Superfin spetsbody i vitt, tillverkad i mjuk och stretchig spets som formar sig snyggt efter kroppen och ger ett elegant, feminint uttryck. Den ljusa f\u00e4rgen ger en fr\u00e4sch och lyxig k\u00e4nsla som lyfter b\u00e5de vardags- och festlooks.<\/p>\n<p>Otroligt snygg att kombinera med baggy jeans, skinnbyxor eller kjol f\u00f6r en modern och stilren outfit. Perfekt under kavaj eller jacka n\u00e4r du vill addera n\u00e5got extra utan att det k\u00e4nns \u00f6verkl\u00e4tt.<\/p>\n<p>Modellen \u00e4r liten i storleken, s\u00e5 vi rekommenderar att du g\u00e5r upp en storlek f\u00f6r b\u00e4sta passform. Modellen p\u00e5 bilden b\u00e4r storlek S.<\/p>\n<p>Passform: Liten i storlek \u2013 v\u00e4lj en storlek st\u00f6rre<br \/>\nMaterial: Stretchig spets<br \/>\nF\u00e4rg: Vit<br \/>\nStil: Feminin, elegant och trendig<\/p>","protected":false},"featured_media":570733,"comment_status":"open","ping_status":"closed","template":"","meta":{"_acf_changed":false},"product_brand":[],"product_cat":[1251,1147,1241,1203],"product_tag":[],"class_list":{"0":"post-570752","1":"product","2":"type-product","3":"status-publish","4":"has-post-thumbnail","6":"product_cat-blusar-rea","7":"product_cat-toppar-blusar","8":"product_cat-rea-50","9":"product_cat-rea","11":"first","12":"instock","13":"sale","14":"taxable","15":"shipping-taxable","16":"purchasable","17":"product-type-variable"},"acf":[],"gallery_images":[570732,570734],"_links":{"self":[{"href":"https:\/\/loveforever.se\/en\/wp-json\/wp\/v2\/product\/570752","targetHints":{"allow":["GET"]}}],"collection":[{"href":"https:\/\/loveforever.se\/en\/wp-json\/wp\/v2\/product"}],"about":[{"href":"https:\/\/loveforever.se\/en\/wp-json\/wp\/v2\/types\/product"}],"replies":[{"embeddable":true,"href":"https:\/\/loveforever.se\/en\/wp-json\/wp\/v2\/comments?post=570752"}],"wp:featuredmedia":[{"embeddable":true,"href":"https:\/\/loveforever.se\/en\/wp-json\/wp\/v2\/media\/570733"}],"wp:attachment":[{"href":"https:\/\/loveforever.se\/en\/wp-json\/wp\/v2\/media?parent=570752"}],"wp:term":[{"taxonomy":"product_brand","embeddable":true,"href":"https:\/\/loveforever.se\/en\/wp-json\/wp\/v2\/product_brand?post=570752"},{"taxonomy":"product_cat","embeddable":true,"href":"https:\/\/loveforever.se\/en\/wp-json\/wp\/v2\/product_cat?post=570752"},{"taxonomy":"product_tag","embeddable":true,"href":"https:\/\/loveforever.se\/en\/wp-json\/wp\/v2\/product_tag?post=570752"}],"curies":[{"name":"wp","href":"https:\/\/api.w.org\/{rel}","templated":true}]}}