{"id":570853,"date":"2026-01-26T11:51:29","date_gmt":"2026-01-26T10:51:29","guid":{"rendered":"https:\/\/loveforever.se\/?post_type=product&#038;p=570853"},"modified":"2026-05-07T13:00:20","modified_gmt":"2026-05-07T11:00:20","slug":"malla-vita-sneakers","status":"publish","type":"product","link":"https:\/\/loveforever.se\/en\/produkt\/malla-vita-sneakers\/","title":{"rendered":"Malla Vita Sneakers"},"content":{"rendered":"","protected":false},"excerpt":{"rendered":"<p>Supercoola och trendiga sneakers i vitt PU-l\u00e4der som lyfter varje outfit p\u00e5 sekunden. Den tuffa plat\u00e5sulan ger b\u00e5de attityd och l\u00e4ngd, samtidigt som den \u00e4r l\u00e4tt och sk\u00f6n att g\u00e5 i hela dagen. Perfekta att styla med jeans, shorts eller kl\u00e4nning f\u00f6r en avslappnad men fashion look.<\/p>\n<p>Sneakersen \u00e4r mjuka, bekv\u00e4ma och sitter bra p\u00e5 foten. En riktig garderobsfavorit som funkar lika bra till vardag som till ledigare festtillf\u00e4llen. Normala i storlek.<\/p>","protected":false},"featured_media":570851,"comment_status":"open","ping_status":"closed","template":"","meta":{"_acf_changed":false},"product_brand":[],"product_cat":[1139,1165],"product_tag":[],"class_list":{"0":"post-570853","1":"product","2":"type-product","3":"status-publish","4":"has-post-thumbnail","6":"product_cat-skor","7":"product_cat-sneakers","9":"first","10":"instock","11":"taxable","12":"shipping-taxable","13":"purchasable","14":"product-type-variable"},"acf":[],"gallery_images":[570852,570850],"_links":{"self":[{"href":"https:\/\/loveforever.se\/en\/wp-json\/wp\/v2\/product\/570853","targetHints":{"allow":["GET"]}}],"collection":[{"href":"https:\/\/loveforever.se\/en\/wp-json\/wp\/v2\/product"}],"about":[{"href":"https:\/\/loveforever.se\/en\/wp-json\/wp\/v2\/types\/product"}],"replies":[{"embeddable":true,"href":"https:\/\/loveforever.se\/en\/wp-json\/wp\/v2\/comments?post=570853"}],"wp:featuredmedia":[{"embeddable":true,"href":"https:\/\/loveforever.se\/en\/wp-json\/wp\/v2\/media\/570851"}],"wp:attachment":[{"href":"https:\/\/loveforever.se\/en\/wp-json\/wp\/v2\/media?parent=570853"}],"wp:term":[{"taxonomy":"product_brand","embeddable":true,"href":"https:\/\/loveforever.se\/en\/wp-json\/wp\/v2\/product_brand?post=570853"},{"taxonomy":"product_cat","embeddable":true,"href":"https:\/\/loveforever.se\/en\/wp-json\/wp\/v2\/product_cat?post=570853"},{"taxonomy":"product_tag","embeddable":true,"href":"https:\/\/loveforever.se\/en\/wp-json\/wp\/v2\/product_tag?post=570853"}],"curies":[{"name":"wp","href":"https:\/\/api.w.org\/{rel}","templated":true}]}}