{"id":571036,"date":"2026-01-30T10:03:10","date_gmt":"2026-01-30T09:03:10","guid":{"rendered":"https:\/\/loveforever.se\/?post_type=product&#038;p=571036"},"modified":"2026-01-30T10:03:14","modified_gmt":"2026-01-30T09:03:14","slug":"double-flower-earring-royalblue","status":"publish","type":"product","link":"https:\/\/loveforever.se\/en\/produkt\/double-flower-earring-royalblue\/","title":{"rendered":"Double Flower Earring Royalblue"},"content":{"rendered":"","protected":false},"excerpt":{"rendered":"<p>\u00d6rh\u00e4ngen med tygblommor i en underbar royalbl\u00e5 f\u00e4rg som ger ett elegant, fr\u00e4scht och trendigt uttryck. Den mjuka blomformen skapar ett stilrent statement som lyfter outfiten utan att ta \u00f6ver.<\/p>\n<p>Perfekta att b\u00e4ra till jeans f\u00f6r en avslappnat chic look, eller matcha med v\u00e5r royalbl\u00e5 Joy Stretchdress f\u00f6r en enhetlig och lyxig k\u00e4nsla. Lika snygga till svart eller vit outfit n\u00e4r du vill addera f\u00e4rg och personlighet.<br \/>\n8,5cm l\u00e5nga<\/p>","protected":false},"featured_media":571037,"comment_status":"open","ping_status":"closed","template":"","meta":{"_acf_changed":false},"product_brand":[],"product_cat":[1133,1136],"product_tag":[],"class_list":{"0":"post-571036","1":"product","2":"type-product","3":"status-publish","4":"has-post-thumbnail","6":"product_cat-accessoarer","7":"product_cat-smycken","9":"first","10":"instock","11":"taxable","12":"shipping-taxable","13":"purchasable","14":"product-type-simple"},"acf":[],"gallery_images":[],"_links":{"self":[{"href":"https:\/\/loveforever.se\/en\/wp-json\/wp\/v2\/product\/571036","targetHints":{"allow":["GET"]}}],"collection":[{"href":"https:\/\/loveforever.se\/en\/wp-json\/wp\/v2\/product"}],"about":[{"href":"https:\/\/loveforever.se\/en\/wp-json\/wp\/v2\/types\/product"}],"replies":[{"embeddable":true,"href":"https:\/\/loveforever.se\/en\/wp-json\/wp\/v2\/comments?post=571036"}],"wp:featuredmedia":[{"embeddable":true,"href":"https:\/\/loveforever.se\/en\/wp-json\/wp\/v2\/media\/571037"}],"wp:attachment":[{"href":"https:\/\/loveforever.se\/en\/wp-json\/wp\/v2\/media?parent=571036"}],"wp:term":[{"taxonomy":"product_brand","embeddable":true,"href":"https:\/\/loveforever.se\/en\/wp-json\/wp\/v2\/product_brand?post=571036"},{"taxonomy":"product_cat","embeddable":true,"href":"https:\/\/loveforever.se\/en\/wp-json\/wp\/v2\/product_cat?post=571036"},{"taxonomy":"product_tag","embeddable":true,"href":"https:\/\/loveforever.se\/en\/wp-json\/wp\/v2\/product_tag?post=571036"}],"curies":[{"name":"wp","href":"https:\/\/api.w.org\/{rel}","templated":true}]}}