{"id":571060,"date":"2026-01-30T11:00:51","date_gmt":"2026-01-30T10:00:51","guid":{"rendered":"https:\/\/loveforever.se\/?post_type=product&#038;p=571060"},"modified":"2026-04-12T18:09:19","modified_gmt":"2026-04-12T16:09:19","slug":"ressie-blomorhangen-bla-mork-cerise","status":"publish","type":"product","link":"https:\/\/loveforever.se\/en\/produkt\/ressie-blomorhangen-bla-mork-cerise\/","title":{"rendered":"Ressie Blom\u00f6rh\u00e4ngen &#8211; bl\u00e5, m\u00f6rk cerise, turquoise"},"content":{"rendered":"","protected":false},"excerpt":{"rendered":"<p>Superfina l\u00e4ngre \u00f6rh\u00e4ngen med blommor i resin i vackra f\u00e4rger \u2013 bl\u00e5 och m\u00f6rk cerise. L\u00e4tta och eleganta, med en l\u00e4ngd p\u00e5 10,5 cm och vikt p\u00e5 5 g per \u00f6rh\u00e4nge, vilket g\u00f6r dem bekv\u00e4ma att b\u00e4ra hela dagen.<\/p>\n<p>De unika f\u00e4rgerna g\u00f6r det enkelt att matcha \u00f6rh\u00e4ngena med kl\u00e4der i samma nyanser och skapa en genomt\u00e4nkt, stilfull look. Perfekta f\u00f6r b\u00e5de vardag och fest n\u00e4r du vill l\u00e4gga till en f\u00e4rgglad, feminin detalj.<\/p>","protected":false},"featured_media":571065,"comment_status":"open","ping_status":"closed","template":"","meta":{"_acf_changed":false},"product_brand":[],"product_cat":[1133,1136],"product_tag":[],"class_list":{"0":"post-571060","1":"product","2":"type-product","3":"status-publish","4":"has-post-thumbnail","6":"product_cat-accessoarer","7":"product_cat-smycken","9":"first","10":"instock","11":"taxable","12":"shipping-taxable","13":"purchasable","14":"product-type-variable"},"acf":[],"gallery_images":[571059,571058,571066],"_links":{"self":[{"href":"https:\/\/loveforever.se\/en\/wp-json\/wp\/v2\/product\/571060","targetHints":{"allow":["GET"]}}],"collection":[{"href":"https:\/\/loveforever.se\/en\/wp-json\/wp\/v2\/product"}],"about":[{"href":"https:\/\/loveforever.se\/en\/wp-json\/wp\/v2\/types\/product"}],"replies":[{"embeddable":true,"href":"https:\/\/loveforever.se\/en\/wp-json\/wp\/v2\/comments?post=571060"}],"wp:featuredmedia":[{"embeddable":true,"href":"https:\/\/loveforever.se\/en\/wp-json\/wp\/v2\/media\/571065"}],"wp:attachment":[{"href":"https:\/\/loveforever.se\/en\/wp-json\/wp\/v2\/media?parent=571060"}],"wp:term":[{"taxonomy":"product_brand","embeddable":true,"href":"https:\/\/loveforever.se\/en\/wp-json\/wp\/v2\/product_brand?post=571060"},{"taxonomy":"product_cat","embeddable":true,"href":"https:\/\/loveforever.se\/en\/wp-json\/wp\/v2\/product_cat?post=571060"},{"taxonomy":"product_tag","embeddable":true,"href":"https:\/\/loveforever.se\/en\/wp-json\/wp\/v2\/product_tag?post=571060"}],"curies":[{"name":"wp","href":"https:\/\/api.w.org\/{rel}","templated":true}]}}