{"id":571077,"date":"2026-01-30T11:23:24","date_gmt":"2026-01-30T10:23:24","guid":{"rendered":"https:\/\/loveforever.se\/?post_type=product&#038;p=571077"},"modified":"2026-04-21T11:46:19","modified_gmt":"2026-04-21T09:46:19","slug":"fotlank-guldfargad-med-medaljonger-och-parlor","status":"publish","type":"product","link":"https:\/\/loveforever.se\/en\/produkt\/fotlank-guldfargad-med-medaljonger-och-parlor\/","title":{"rendered":"Fotl\u00e4nk guldf\u00e4rgad, med medaljonger och p\u00e4rlor"},"content":{"rendered":"","protected":false},"excerpt":{"rendered":"<p>Bohemisk och chic fotl\u00e4nk i guld med sm\u00e5 medaljonger i b\u00e5de guld och p\u00e4rlor. Den justerbara l\u00e4ngden g\u00f6r att den passar perfekt f\u00f6r alla anklar och g\u00f6r det enkelt att styla den med sandaler, sneakers eller barfotastil.<\/p>\n<p>Ett elegant smycke som lyfter sommarlooken och \u00e4r perfekt att kombinera med v\u00e5r f\u00e4rgglada fotl\u00e4nk f\u00f6r ett lekfullt och f\u00e4rgglatt uttryck. L\u00e4tt och stilfull, med vikt p\u00e5 50 g, och ett m\u00e5ste f\u00f6r den som \u00e4lskar bohemisk detaljrikedom.<\/p>","protected":false},"featured_media":571076,"comment_status":"open","ping_status":"closed","template":"","meta":{"_acf_changed":false},"product_brand":[],"product_cat":[1133,1136],"product_tag":[],"class_list":{"0":"post-571077","1":"product","2":"type-product","3":"status-publish","4":"has-post-thumbnail","6":"product_cat-accessoarer","7":"product_cat-smycken","9":"first","10":"instock","11":"taxable","12":"shipping-taxable","13":"purchasable","14":"product-type-simple"},"acf":[],"gallery_images":[],"_links":{"self":[{"href":"https:\/\/loveforever.se\/en\/wp-json\/wp\/v2\/product\/571077","targetHints":{"allow":["GET"]}}],"collection":[{"href":"https:\/\/loveforever.se\/en\/wp-json\/wp\/v2\/product"}],"about":[{"href":"https:\/\/loveforever.se\/en\/wp-json\/wp\/v2\/types\/product"}],"replies":[{"embeddable":true,"href":"https:\/\/loveforever.se\/en\/wp-json\/wp\/v2\/comments?post=571077"}],"wp:featuredmedia":[{"embeddable":true,"href":"https:\/\/loveforever.se\/en\/wp-json\/wp\/v2\/media\/571076"}],"wp:attachment":[{"href":"https:\/\/loveforever.se\/en\/wp-json\/wp\/v2\/media?parent=571077"}],"wp:term":[{"taxonomy":"product_brand","embeddable":true,"href":"https:\/\/loveforever.se\/en\/wp-json\/wp\/v2\/product_brand?post=571077"},{"taxonomy":"product_cat","embeddable":true,"href":"https:\/\/loveforever.se\/en\/wp-json\/wp\/v2\/product_cat?post=571077"},{"taxonomy":"product_tag","embeddable":true,"href":"https:\/\/loveforever.se\/en\/wp-json\/wp\/v2\/product_tag?post=571077"}],"curies":[{"name":"wp","href":"https:\/\/api.w.org\/{rel}","templated":true}]}}