{"id":571083,"date":"2026-01-30T11:37:22","date_gmt":"2026-01-30T10:37:22","guid":{"rendered":"https:\/\/loveforever.se\/?post_type=product&#038;p=571083"},"modified":"2026-04-12T18:06:27","modified_gmt":"2026-04-12T16:06:27","slug":"sonnie-langt-halsband-cerise-guld-kornbla","status":"publish","type":"product","link":"https:\/\/loveforever.se\/en\/produkt\/sonnie-langt-halsband-cerise-guld-kornbla\/","title":{"rendered":"Sonnie L\u00e5ngt Halsband, cerise, guld, kornbl\u00e5"},"content":{"rendered":"","protected":false},"excerpt":{"rendered":"<p>Superfint halsband med facetterade p\u00e4rlor och dekorativ guldlogga som ger en lyxig touch. Halsbandet \u00e4r 150 cm l\u00e5ngt, vilket g\u00f6r det perfekt att vira tv\u00e5 varv kring halsen f\u00f6r en stilfull och lekfull look.<\/p>\n<p>P\u00e4rlorna \u00e4r ca 6 mm i diameter, och halsbandet v\u00e4ger 50 g, vilket ger en balanserad k\u00e4nsla utan att bli tungt. De underbara f\u00e4rgerna cerise, royal blue och guld g\u00f6r det enkelt att matcha med b\u00e5de vardags- och festoutfits. Ett statement-smycke som b\u00e5de syns och f\u00f6rh\u00f6jer hela din look.<\/p>","protected":false},"featured_media":571079,"comment_status":"open","ping_status":"closed","template":"","meta":{"_acf_changed":false},"product_brand":[],"product_cat":[1133,1136],"product_tag":[],"class_list":{"0":"post-571083","1":"product","2":"type-product","3":"status-publish","4":"has-post-thumbnail","6":"product_cat-accessoarer","7":"product_cat-smycken","9":"first","10":"instock","11":"taxable","12":"shipping-taxable","13":"purchasable","14":"product-type-variable"},"acf":[],"gallery_images":[571080,571082,571081],"_links":{"self":[{"href":"https:\/\/loveforever.se\/en\/wp-json\/wp\/v2\/product\/571083","targetHints":{"allow":["GET"]}}],"collection":[{"href":"https:\/\/loveforever.se\/en\/wp-json\/wp\/v2\/product"}],"about":[{"href":"https:\/\/loveforever.se\/en\/wp-json\/wp\/v2\/types\/product"}],"replies":[{"embeddable":true,"href":"https:\/\/loveforever.se\/en\/wp-json\/wp\/v2\/comments?post=571083"}],"wp:featuredmedia":[{"embeddable":true,"href":"https:\/\/loveforever.se\/en\/wp-json\/wp\/v2\/media\/571079"}],"wp:attachment":[{"href":"https:\/\/loveforever.se\/en\/wp-json\/wp\/v2\/media?parent=571083"}],"wp:term":[{"taxonomy":"product_brand","embeddable":true,"href":"https:\/\/loveforever.se\/en\/wp-json\/wp\/v2\/product_brand?post=571083"},{"taxonomy":"product_cat","embeddable":true,"href":"https:\/\/loveforever.se\/en\/wp-json\/wp\/v2\/product_cat?post=571083"},{"taxonomy":"product_tag","embeddable":true,"href":"https:\/\/loveforever.se\/en\/wp-json\/wp\/v2\/product_tag?post=571083"}],"curies":[{"name":"wp","href":"https:\/\/api.w.org\/{rel}","templated":true}]}}