{"id":571115,"date":"2026-01-30T16:38:22","date_gmt":"2026-01-30T15:38:22","guid":{"rendered":"https:\/\/loveforever.se\/?post_type=product&#038;p=571115"},"modified":"2026-05-07T23:19:50","modified_gmt":"2026-05-07T21:19:50","slug":"lina-bomullstopp-vit","status":"publish","type":"product","link":"https:\/\/loveforever.se\/en\/produkt\/lina-bomullstopp-vit\/","title":{"rendered":"Lina Bomullstopp Vit"},"content":{"rendered":"","protected":false},"excerpt":{"rendered":"<p>Supers\u00f6t topp i bomull med virkade broderier. Sval, sk\u00f6n och snygg. i krispigt vitt. One size passar XS-L b\u00e4st. Max byst\u00e5tt p\u00e5 110cm. <\/p>","protected":false},"featured_media":571097,"comment_status":"open","ping_status":"closed","template":"","meta":{"_acf_changed":false},"product_brand":[],"product_cat":[1147,1159],"product_tag":[],"class_list":{"0":"post-571115","1":"product","2":"type-product","3":"status-publish","4":"has-post-thumbnail","6":"product_cat-toppar-blusar","7":"product_cat-nyheter","9":"first","10":"outofstock","11":"taxable","12":"shipping-taxable","13":"purchasable","14":"product-type-simple"},"acf":[],"gallery_images":[571098,571099],"_links":{"self":[{"href":"https:\/\/loveforever.se\/en\/wp-json\/wp\/v2\/product\/571115","targetHints":{"allow":["GET"]}}],"collection":[{"href":"https:\/\/loveforever.se\/en\/wp-json\/wp\/v2\/product"}],"about":[{"href":"https:\/\/loveforever.se\/en\/wp-json\/wp\/v2\/types\/product"}],"replies":[{"embeddable":true,"href":"https:\/\/loveforever.se\/en\/wp-json\/wp\/v2\/comments?post=571115"}],"wp:featuredmedia":[{"embeddable":true,"href":"https:\/\/loveforever.se\/en\/wp-json\/wp\/v2\/media\/571097"}],"wp:attachment":[{"href":"https:\/\/loveforever.se\/en\/wp-json\/wp\/v2\/media?parent=571115"}],"wp:term":[{"taxonomy":"product_brand","embeddable":true,"href":"https:\/\/loveforever.se\/en\/wp-json\/wp\/v2\/product_brand?post=571115"},{"taxonomy":"product_cat","embeddable":true,"href":"https:\/\/loveforever.se\/en\/wp-json\/wp\/v2\/product_cat?post=571115"},{"taxonomy":"product_tag","embeddable":true,"href":"https:\/\/loveforever.se\/en\/wp-json\/wp\/v2\/product_tag?post=571115"}],"curies":[{"name":"wp","href":"https:\/\/api.w.org\/{rel}","templated":true}]}}