{"id":571175,"date":"2026-02-02T17:04:13","date_gmt":"2026-02-02T16:04:13","guid":{"rendered":"https:\/\/loveforever.se\/?post_type=product&#038;p=571175"},"modified":"2026-05-01T23:16:31","modified_gmt":"2026-05-01T21:16:31","slug":"randig-skjorta-med-strass-och-jeansdetaljer","status":"publish","type":"product","link":"https:\/\/loveforever.se\/en\/produkt\/randig-skjorta-med-strass-och-jeansdetaljer\/","title":{"rendered":"Randig Skjorta med strass och jeansdetaljer"},"content":{"rendered":"","protected":false},"excerpt":{"rendered":"<p>S\u00e5 snygg skjorta i mjukt, sk\u00f6nt och svart bomullstyg. Vita diskreta r\u00e4nder och coola nitar. B\u00e4r med jeans, leggings eller vad du vill. Passar til allt. Normal i storlek<\/p>","protected":false},"featured_media":572782,"comment_status":"open","ping_status":"closed","template":"","meta":{"_acf_changed":false},"product_brand":[],"product_cat":[1147,1145,1256],"product_tag":[],"class_list":{"0":"post-571175","1":"product","2":"type-product","3":"status-publish","4":"has-post-thumbnail","6":"product_cat-toppar-blusar","7":"product_cat-denim","8":"product_cat-jeans-skjortor","10":"first","11":"instock","12":"taxable","13":"shipping-taxable","14":"purchasable","15":"product-type-variable"},"acf":[],"gallery_images":[],"_links":{"self":[{"href":"https:\/\/loveforever.se\/en\/wp-json\/wp\/v2\/product\/571175","targetHints":{"allow":["GET"]}}],"collection":[{"href":"https:\/\/loveforever.se\/en\/wp-json\/wp\/v2\/product"}],"about":[{"href":"https:\/\/loveforever.se\/en\/wp-json\/wp\/v2\/types\/product"}],"replies":[{"embeddable":true,"href":"https:\/\/loveforever.se\/en\/wp-json\/wp\/v2\/comments?post=571175"}],"wp:featuredmedia":[{"embeddable":true,"href":"https:\/\/loveforever.se\/en\/wp-json\/wp\/v2\/media\/572782"}],"wp:attachment":[{"href":"https:\/\/loveforever.se\/en\/wp-json\/wp\/v2\/media?parent=571175"}],"wp:term":[{"taxonomy":"product_brand","embeddable":true,"href":"https:\/\/loveforever.se\/en\/wp-json\/wp\/v2\/product_brand?post=571175"},{"taxonomy":"product_cat","embeddable":true,"href":"https:\/\/loveforever.se\/en\/wp-json\/wp\/v2\/product_cat?post=571175"},{"taxonomy":"product_tag","embeddable":true,"href":"https:\/\/loveforever.se\/en\/wp-json\/wp\/v2\/product_tag?post=571175"}],"curies":[{"name":"wp","href":"https:\/\/api.w.org\/{rel}","templated":true}]}}