{"id":571204,"date":"2026-02-03T15:47:34","date_gmt":"2026-02-03T14:47:34","guid":{"rendered":"https:\/\/loveforever.se\/?post_type=product&#038;p=571204"},"modified":"2026-04-20T16:07:34","modified_gmt":"2026-04-20T14:07:34","slug":"laura-viskosklanning-vit-blommig","status":"publish","type":"product","link":"https:\/\/loveforever.se\/en\/produkt\/laura-viskosklanning-vit-blommig\/","title":{"rendered":"Laura Floral Dress White"},"content":{"rendered":"","protected":false},"excerpt":{"rendered":"<p>Helt magiskt fin kl\u00e4nning i mjuk och f\u00f6ljsam 100% viskos med vit botten och ett underbart 70-talsinspirerat blomm\u00f6nster i orange, gult, r\u00f6tt, cerise, turkos och bl\u00e5 toner. En f\u00e4rgstark favorit som passar lika bra till vardag som till fest och semester.<\/p>\n<p>Kl\u00e4nningen har en smickrande V-ringning med knappar framtill som g\u00e5r ner till nedre delen av magen och skapar en feminin, avslappnad siluett. Volanger vid \u00e4rmsluten ger ett mjukt och romantiskt fall som f\u00f6rst\u00e4rker kl\u00e4nningens bohemiska k\u00e4nsla.<\/p>\n<p>Modellen \u00e4r normal i storlek och sitter bekv\u00e4mt med ett fint fall.<\/p>\n<p>M\u00e5tt:<br \/>\n\u2022 S\u2013M: armh\u00e5la\u2013armh\u00e5la 58 cm | l\u00e4ngd 133 cm<br \/>\n\u2022 M\u2013L: armh\u00e5la\u2013armh\u00e5la 61 cm | l\u00e4ngd 136 cm<br \/>\n\u2022 L\u2013XL: armh\u00e5la\u2013armh\u00e5la 64 cm | l\u00e4ngd 139 cm<\/p>\n<p>Observera att m\u00e5tten kan variera cirka 1 cm mellan plagg.<br \/>\nModellen \u00e4r 172cm, har eget bystm\u00e5tt p\u00e5 115cm, midja 103cm, h\u00f6ft 120cm, \u00f6verarm 39cm, hon har L-XL p\u00e5 sig. <\/p>\n<p>En perfekt kl\u00e4nning att b\u00e4ra med sandaler, sneakers eller klackar beroende p\u00e5 tillf\u00e4lle.<\/p>","protected":false},"featured_media":570325,"comment_status":"open","ping_status":"closed","template":"","meta":{"_acf_changed":false},"product_brand":[],"product_cat":[1155,1151,1138,1154,1226,1152,1159],"product_tag":[],"class_list":{"0":"post-571204","1":"product","2":"type-product","3":"status-publish","4":"has-post-thumbnail","6":"product_cat-bohemiska","7":"product_cat-klanningar-dam","8":"product_cat-klanningar-tunikor","9":"product_cat-langa","10":"product_cat-maxiklanningar","11":"product_cat-monstrade","12":"product_cat-nyheter","14":"first","15":"instock","16":"taxable","17":"shipping-taxable","18":"purchasable","19":"product-type-variable"},"acf":[],"gallery_images":[570327,570326],"_links":{"self":[{"href":"https:\/\/loveforever.se\/en\/wp-json\/wp\/v2\/product\/571204","targetHints":{"allow":["GET"]}}],"collection":[{"href":"https:\/\/loveforever.se\/en\/wp-json\/wp\/v2\/product"}],"about":[{"href":"https:\/\/loveforever.se\/en\/wp-json\/wp\/v2\/types\/product"}],"replies":[{"embeddable":true,"href":"https:\/\/loveforever.se\/en\/wp-json\/wp\/v2\/comments?post=571204"}],"wp:featuredmedia":[{"embeddable":true,"href":"https:\/\/loveforever.se\/en\/wp-json\/wp\/v2\/media\/570325"}],"wp:attachment":[{"href":"https:\/\/loveforever.se\/en\/wp-json\/wp\/v2\/media?parent=571204"}],"wp:term":[{"taxonomy":"product_brand","embeddable":true,"href":"https:\/\/loveforever.se\/en\/wp-json\/wp\/v2\/product_brand?post=571204"},{"taxonomy":"product_cat","embeddable":true,"href":"https:\/\/loveforever.se\/en\/wp-json\/wp\/v2\/product_cat?post=571204"},{"taxonomy":"product_tag","embeddable":true,"href":"https:\/\/loveforever.se\/en\/wp-json\/wp\/v2\/product_tag?post=571204"}],"curies":[{"name":"wp","href":"https:\/\/api.w.org\/{rel}","templated":true}]}}