{"id":571212,"date":"2026-02-03T16:13:46","date_gmt":"2026-02-03T15:13:46","guid":{"rendered":"https:\/\/loveforever.se\/?post_type=product&#038;p=571212"},"modified":"2026-04-16T23:55:43","modified_gmt":"2026-04-16T21:55:43","slug":"jempa-stretchig-bomullsklanning-i-neoncoral-neonrosa-svart","status":"publish","type":"product","link":"https:\/\/loveforever.se\/en\/produkt\/jempa-stretchig-bomullsklanning-i-neoncoral-neonrosa-svart\/","title":{"rendered":"Jempa Stretchig bomullskl\u00e4nning i neoncoral, neonrosa &#038; svart"},"content":{"rendered":"","protected":false},"excerpt":{"rendered":"<p>Helt underbar kl\u00e4nning i mjukt och stretchigt bomullstyg som b\u00e5de sitter snyggt och k\u00e4nns fantastisk att b\u00e4ra. Tyget andas och g\u00f6r kl\u00e4nningen lika sk\u00f6n varma dagar som under svalare s\u00e4songer.<\/p>\n<p>Kl\u00e4nningen finns i makal\u00f6sa f\u00e4rger i coral och neonrosa, samt klassiskt svart som alltid \u00e4r r\u00e4tt. Den har en r\u00e5 kant nedtill, vilket g\u00f6r att du enkelt kan klippa av den till \u00f6nskad l\u00e4ngd utan att f\u00f6rst\u00f6ra passformen.<\/p>\n<p>De l\u00e5nga \u00e4rmarna kan dras upp eller vikas f\u00f6r en mer avslappnad look. Matcha med sneakers, boots eller sandaler beroende p\u00e5 stil och s\u00e4song. En perfekt kl\u00e4nning som fungerar \u00e5ret om och snabbt blir en favorit i garderoben.<\/p>\n<p>One size som passar XS-XL. V\u00e5r Jennie har 115cm runt sin byst, 39cm runt \u00f6verarm <\/p>","protected":false},"featured_media":571217,"comment_status":"open","ping_status":"closed","template":"","meta":{"_acf_changed":false},"product_brand":[],"product_cat":[1151,1138,1156,1159],"product_tag":[],"class_list":{"0":"post-571212","1":"product","2":"type-product","3":"status-publish","4":"has-post-thumbnail","6":"product_cat-klanningar-dam","7":"product_cat-klanningar-tunikor","8":"product_cat-korta","9":"product_cat-nyheter","11":"first","12":"instock","13":"taxable","14":"shipping-taxable","15":"purchasable","16":"product-type-variable"},"acf":[],"gallery_images":[571234,571233,571224,571231,571230,571229,571227,571222],"_links":{"self":[{"href":"https:\/\/loveforever.se\/en\/wp-json\/wp\/v2\/product\/571212","targetHints":{"allow":["GET"]}}],"collection":[{"href":"https:\/\/loveforever.se\/en\/wp-json\/wp\/v2\/product"}],"about":[{"href":"https:\/\/loveforever.se\/en\/wp-json\/wp\/v2\/types\/product"}],"replies":[{"embeddable":true,"href":"https:\/\/loveforever.se\/en\/wp-json\/wp\/v2\/comments?post=571212"}],"wp:featuredmedia":[{"embeddable":true,"href":"https:\/\/loveforever.se\/en\/wp-json\/wp\/v2\/media\/571217"}],"wp:attachment":[{"href":"https:\/\/loveforever.se\/en\/wp-json\/wp\/v2\/media?parent=571212"}],"wp:term":[{"taxonomy":"product_brand","embeddable":true,"href":"https:\/\/loveforever.se\/en\/wp-json\/wp\/v2\/product_brand?post=571212"},{"taxonomy":"product_cat","embeddable":true,"href":"https:\/\/loveforever.se\/en\/wp-json\/wp\/v2\/product_cat?post=571212"},{"taxonomy":"product_tag","embeddable":true,"href":"https:\/\/loveforever.se\/en\/wp-json\/wp\/v2\/product_tag?post=571212"}],"curies":[{"name":"wp","href":"https:\/\/api.w.org\/{rel}","templated":true}]}}