{"id":571253,"date":"2026-02-04T17:00:57","date_gmt":"2026-02-04T16:00:57","guid":{"rendered":"https:\/\/loveforever.se\/?post_type=product&#038;p=571253"},"modified":"2026-04-17T13:09:41","modified_gmt":"2026-04-17T11:09:41","slug":"minou-blus-manga-farger","status":"publish","type":"product","link":"https:\/\/loveforever.se\/en\/produkt\/minou-blus-manga-farger\/","title":{"rendered":"Minou Blus &#8211; m\u00e5nga f\u00e4rger"},"content":{"rendered":"","protected":false},"excerpt":{"rendered":"<p>Fantastiskt fin blus i mjukt och f\u00f6ljsamt tyg som faller snyggt och ger en smickrande siluett. Res\u00e5r upptill g\u00f6r att du sj\u00e4lv kan v\u00e4lja om du vill b\u00e4ra den klassiskt p\u00e5 axlarna eller trendigt off-shoulder. \u00c4rmarna avslutas med s\u00f6t volang som ger en feminin k\u00e4nsla.<\/p>\n<p>Blusen har \u00e4ven res\u00e5r nedtill, vilket g\u00f6r att du kan justera l\u00e4ngden genom att l\u00e5ta den falla l\u00f6st eller dra upp den f\u00f6r en mer blusande effekt. L\u00e4tt att styla och perfekt b\u00e5de till vardag och fest. Matcha med jeans, vita byxor, shorts eller kjol beroende p\u00e5 tillf\u00e4lle.<\/p>\n<p>One size-modell som passar ca S\u2013XXL tack vare den gener\u00f6sa passformen och det f\u00f6ljsamma tyget. Modellinformation<br \/>\nJennie (h\u00e4stsvans): bystm\u00e5tt 115 cm, \u00f6verarm 39 cm, h\u00f6ft 120 cm.<br \/>\n\u00c5sa (lugg, nedsl\u00e4ppt h\u00e5r): bystm\u00e5tt 93 cm.<br \/>\n100% mjuk, luftig polyester.<\/p>","protected":false},"featured_media":571271,"comment_status":"open","ping_status":"closed","template":"","meta":{"_acf_changed":false},"product_brand":[],"product_cat":[1147],"product_tag":[],"class_list":{"0":"post-571253","1":"product","2":"type-product","3":"status-publish","4":"has-post-thumbnail","6":"product_cat-toppar-blusar","8":"first","9":"instock","10":"taxable","11":"shipping-taxable","12":"purchasable","13":"product-type-variable"},"acf":[],"gallery_images":[571261,571269,571256,571255,571262,571263,571264,571257,571254,571259,571260,571258,571250,571251,571246,571249,571248,571265,571266,571267,571268,571270,571286,571285,571284,571283,571282,571281,571280,571279],"_links":{"self":[{"href":"https:\/\/loveforever.se\/en\/wp-json\/wp\/v2\/product\/571253","targetHints":{"allow":["GET"]}}],"collection":[{"href":"https:\/\/loveforever.se\/en\/wp-json\/wp\/v2\/product"}],"about":[{"href":"https:\/\/loveforever.se\/en\/wp-json\/wp\/v2\/types\/product"}],"replies":[{"embeddable":true,"href":"https:\/\/loveforever.se\/en\/wp-json\/wp\/v2\/comments?post=571253"}],"wp:featuredmedia":[{"embeddable":true,"href":"https:\/\/loveforever.se\/en\/wp-json\/wp\/v2\/media\/571271"}],"wp:attachment":[{"href":"https:\/\/loveforever.se\/en\/wp-json\/wp\/v2\/media?parent=571253"}],"wp:term":[{"taxonomy":"product_brand","embeddable":true,"href":"https:\/\/loveforever.se\/en\/wp-json\/wp\/v2\/product_brand?post=571253"},{"taxonomy":"product_cat","embeddable":true,"href":"https:\/\/loveforever.se\/en\/wp-json\/wp\/v2\/product_cat?post=571253"},{"taxonomy":"product_tag","embeddable":true,"href":"https:\/\/loveforever.se\/en\/wp-json\/wp\/v2\/product_tag?post=571253"}],"curies":[{"name":"wp","href":"https:\/\/api.w.org\/{rel}","templated":true}]}}