{"id":571298,"date":"2026-02-05T09:30:33","date_gmt":"2026-02-05T08:30:33","guid":{"rendered":"https:\/\/loveforever.se\/?post_type=product&#038;p=571298"},"modified":"2026-04-12T18:06:01","modified_gmt":"2026-04-12T16:06:01","slug":"lizzie-viskosblus-manga-farger","status":"publish","type":"product","link":"https:\/\/loveforever.se\/en\/produkt\/lizzie-viskosblus-manga-farger\/","title":{"rendered":"Lizzie Viskosblus &#8211; m\u00e5nga f\u00e4rger"},"content":{"rendered":"","protected":false},"excerpt":{"rendered":"<p>Superh\u00e4rlig blus i 100% viskos med mjuk och sval k\u00e4nsla som faller vackert p\u00e5 kroppen. Blusen har knyte framtill nedtill s\u00e5 att du enkelt kan justera passformen och skapa den stil du \u00f6nskar. Vackra spetsdetaljer ger en feminin och romantisk k\u00e4nsla, och det magiskt fina printet g\u00f6r blusen till ett riktigt blickf\u00e5ng.<\/p>\n<p>Perfekt att styla med jeans, jeanskjol eller shorts f\u00f6r en snygg och l\u00e4ttburen outfit som fungerar b\u00e5de till vardag och fest.<\/p>\n<p>Blusen \u00e4r one size och passar ca S\u2013XL tack vare den justerbara modellen och det f\u00f6ljsamma tyget.<\/p>\n<p>Modellinformation<br \/>\nModell: bystm\u00e5tt 115 cm, \u00f6verarm 39 cm.<br \/>\nModell (spegelselfie): bystm\u00e5tt 93 cm.<\/p>\n<p>Material: 100% viskos<\/p>","protected":false},"featured_media":571307,"comment_status":"open","ping_status":"closed","template":"","meta":{"_acf_changed":false},"product_brand":[],"product_cat":[1147],"product_tag":[],"class_list":{"0":"post-571298","1":"product","2":"type-product","3":"status-publish","4":"has-post-thumbnail","6":"product_cat-toppar-blusar","8":"first","9":"instock","10":"taxable","11":"shipping-taxable","12":"purchasable","13":"product-type-variable"},"acf":[],"gallery_images":[571304,571303,571306,571305,571309,571308,571302,571301,571299,571296,571295,571294,571293],"_links":{"self":[{"href":"https:\/\/loveforever.se\/en\/wp-json\/wp\/v2\/product\/571298","targetHints":{"allow":["GET"]}}],"collection":[{"href":"https:\/\/loveforever.se\/en\/wp-json\/wp\/v2\/product"}],"about":[{"href":"https:\/\/loveforever.se\/en\/wp-json\/wp\/v2\/types\/product"}],"replies":[{"embeddable":true,"href":"https:\/\/loveforever.se\/en\/wp-json\/wp\/v2\/comments?post=571298"}],"wp:featuredmedia":[{"embeddable":true,"href":"https:\/\/loveforever.se\/en\/wp-json\/wp\/v2\/media\/571307"}],"wp:attachment":[{"href":"https:\/\/loveforever.se\/en\/wp-json\/wp\/v2\/media?parent=571298"}],"wp:term":[{"taxonomy":"product_brand","embeddable":true,"href":"https:\/\/loveforever.se\/en\/wp-json\/wp\/v2\/product_brand?post=571298"},{"taxonomy":"product_cat","embeddable":true,"href":"https:\/\/loveforever.se\/en\/wp-json\/wp\/v2\/product_cat?post=571298"},{"taxonomy":"product_tag","embeddable":true,"href":"https:\/\/loveforever.se\/en\/wp-json\/wp\/v2\/product_tag?post=571298"}],"curies":[{"name":"wp","href":"https:\/\/api.w.org\/{rel}","templated":true}]}}