{"id":571411,"date":"2026-02-10T08:39:08","date_gmt":"2026-02-10T07:39:08","guid":{"rendered":"https:\/\/loveforever.se\/?post_type=product&#038;p=571411"},"modified":"2026-04-24T20:20:50","modified_gmt":"2026-04-24T18:20:50","slug":"claire-stretchiga-barrell-jeans-morka-xs-xxl","status":"publish","type":"product","link":"https:\/\/loveforever.se\/en\/produkt\/claire-stretchiga-barrell-jeans-morka-xs-xxl\/","title":{"rendered":"Claire Stretchiga Barrell Jeans M\u00f6rka, XS-XXL"},"content":{"rendered":"","protected":false},"excerpt":{"rendered":"<p>Trendiga barrel jeans i m\u00f6rkare tv\u00e4tt i ett tunt och f\u00f6ljsamt jeanstyg med mycket stretch som ger b\u00e5de komfort och snygg passform. Den klassiska denimf\u00e4rgen g\u00f6r dem lika perfekta till kontoret som till vardag och fest.<\/p>\n<p>De ankell\u00e5nga benen l\u00e5ter dina skor ta plats, styla med k\u00e4ngor, boots, sneakers eller klackar beroende p\u00e5 look och tillf\u00e4lle. Ett par jeans som snabbt blir en favorit i garderoben.<\/p>\n<p>Modellen \u00e4r 170cm och har S p\u00e5 sig. <\/p>","protected":false},"featured_media":571402,"comment_status":"open","ping_status":"closed","template":"","meta":{"_acf_changed":false},"product_brand":[],"product_cat":[1225,1145,1146,1159],"product_tag":[],"class_list":{"0":"post-571411","1":"product","2":"type-product","3":"status-publish","4":"has-post-thumbnail","6":"product_cat-baggy-jeans","7":"product_cat-denim","8":"product_cat-nederdelar","9":"product_cat-nyheter","11":"first","12":"instock","13":"taxable","14":"shipping-taxable","15":"purchasable","16":"product-type-variable"},"acf":[],"gallery_images":[571400,571401],"_links":{"self":[{"href":"https:\/\/loveforever.se\/en\/wp-json\/wp\/v2\/product\/571411","targetHints":{"allow":["GET"]}}],"collection":[{"href":"https:\/\/loveforever.se\/en\/wp-json\/wp\/v2\/product"}],"about":[{"href":"https:\/\/loveforever.se\/en\/wp-json\/wp\/v2\/types\/product"}],"replies":[{"embeddable":true,"href":"https:\/\/loveforever.se\/en\/wp-json\/wp\/v2\/comments?post=571411"}],"wp:featuredmedia":[{"embeddable":true,"href":"https:\/\/loveforever.se\/en\/wp-json\/wp\/v2\/media\/571402"}],"wp:attachment":[{"href":"https:\/\/loveforever.se\/en\/wp-json\/wp\/v2\/media?parent=571411"}],"wp:term":[{"taxonomy":"product_brand","embeddable":true,"href":"https:\/\/loveforever.se\/en\/wp-json\/wp\/v2\/product_brand?post=571411"},{"taxonomy":"product_cat","embeddable":true,"href":"https:\/\/loveforever.se\/en\/wp-json\/wp\/v2\/product_cat?post=571411"},{"taxonomy":"product_tag","embeddable":true,"href":"https:\/\/loveforever.se\/en\/wp-json\/wp\/v2\/product_tag?post=571411"}],"curies":[{"name":"wp","href":"https:\/\/api.w.org\/{rel}","templated":true}]}}