{"id":571465,"date":"2026-02-10T14:27:04","date_gmt":"2026-02-10T13:27:04","guid":{"rendered":"https:\/\/loveforever.se\/?post_type=product&#038;p=571465"},"modified":"2026-04-12T18:05:48","modified_gmt":"2026-04-12T16:05:48","slug":"folyrose-pearl-jeans-med-parlor-och-mycket-stretch","status":"publish","type":"product","link":"https:\/\/loveforever.se\/en\/produkt\/folyrose-pearl-jeans-med-parlor-och-mycket-stretch\/","title":{"rendered":"Folyrose Pearl Jeans with pearls and lots of stretch"},"content":{"rendered":"","protected":false},"excerpt":{"rendered":"<p>Superstretchiga jeans i mjukt puderrosa som ger en feminin och trendig uppdatering till garderoben. Modellen har normal till h\u00f6g midja med sk\u00f6n, f\u00f6ljsam passform som sitter bekv\u00e4mt hela dagen.<\/p>\n<p>De 70-talsinspirerade fickorna framtill, dekorerade med p\u00e4rlor, ger jeansen en unik och exklusiv k\u00e4nsla. Den hell\u00e5nga modellen med brett uppl\u00e4gg nedtill skapar en snygg siluett som passar perfekt b\u00e5de till boots, sneakers och klackar \u2013 lika fina till vardag som fest.<\/p>\n<p>Tillverkade i 98% bomull och 2% elastan f\u00f6r en mjuk k\u00e4nsla och perfekt stretch.<br \/>\nModellen \u00e4r 170 cm l\u00e5ng och b\u00e4r storlek S.<\/p>","protected":false},"featured_media":571475,"comment_status":"open","ping_status":"closed","template":"","meta":{"_acf_changed":false},"product_brand":[],"product_cat":[1145,1146,1222,1218],"product_tag":[],"class_list":{"0":"post-571465","1":"product","2":"type-product","3":"status-publish","4":"has-post-thumbnail","6":"product_cat-denim","7":"product_cat-nederdelar","8":"product_cat-stretch-jeans-dam","9":"product_cat-utsvangda-jeans-dam","11":"first","12":"instock","13":"taxable","14":"shipping-taxable","15":"purchasable","16":"product-type-variable"},"acf":[],"gallery_images":[571472,571471,571477],"_links":{"self":[{"href":"https:\/\/loveforever.se\/en\/wp-json\/wp\/v2\/product\/571465","targetHints":{"allow":["GET"]}}],"collection":[{"href":"https:\/\/loveforever.se\/en\/wp-json\/wp\/v2\/product"}],"about":[{"href":"https:\/\/loveforever.se\/en\/wp-json\/wp\/v2\/types\/product"}],"replies":[{"embeddable":true,"href":"https:\/\/loveforever.se\/en\/wp-json\/wp\/v2\/comments?post=571465"}],"wp:featuredmedia":[{"embeddable":true,"href":"https:\/\/loveforever.se\/en\/wp-json\/wp\/v2\/media\/571475"}],"wp:attachment":[{"href":"https:\/\/loveforever.se\/en\/wp-json\/wp\/v2\/media?parent=571465"}],"wp:term":[{"taxonomy":"product_brand","embeddable":true,"href":"https:\/\/loveforever.se\/en\/wp-json\/wp\/v2\/product_brand?post=571465"},{"taxonomy":"product_cat","embeddable":true,"href":"https:\/\/loveforever.se\/en\/wp-json\/wp\/v2\/product_cat?post=571465"},{"taxonomy":"product_tag","embeddable":true,"href":"https:\/\/loveforever.se\/en\/wp-json\/wp\/v2\/product_tag?post=571465"}],"curies":[{"name":"wp","href":"https:\/\/api.w.org\/{rel}","templated":true}]}}