{"id":571483,"date":"2026-02-10T14:42:41","date_gmt":"2026-02-10T13:42:41","guid":{"rendered":"https:\/\/loveforever.se\/?post_type=product&#038;p=571483"},"modified":"2026-05-07T16:17:17","modified_gmt":"2026-05-07T14:17:17","slug":"folyrose-rosa-jeans-med-mycket-stretch","status":"publish","type":"product","link":"https:\/\/loveforever.se\/en\/produkt\/folyrose-rosa-jeans-med-mycket-stretch\/","title":{"rendered":"Folyrose Rosa Jeans with lots of stretch"},"content":{"rendered":"","protected":false},"excerpt":{"rendered":"<p>Superstretchiga jeans i en superfin puderrosa nyans som ger en mjuk och trendig uppdatering till garderoben. Modellen har en smickrande passform med normal till h\u00f6g midja och sk\u00f6n stretch som g\u00f6r dem lika bekv\u00e4ma som snygga.<\/p>\n<p>Den croppade benl\u00e4ngden med r\u00e5 kant nedtill ger en avslappnat tuff look och l\u00e5ter skorna ta plats \u2013 perfekta till boots, sneakers, sandaler eller klackar. Lika fina till vardag som till fest.<\/p>\n<p>Tillverkade i 98% bomull och 2% elastan f\u00f6r en mjuk och f\u00f6ljsam k\u00e4nsla med perfekt stretch.<br \/>\nModellen \u00e4r 170 cm l\u00e5ng och b\u00e4r storlek S.<\/p>","protected":false},"featured_media":571479,"comment_status":"open","ping_status":"closed","template":"","meta":{"_acf_changed":false},"product_brand":[],"product_cat":[1145,1146,1222,1218],"product_tag":[],"class_list":{"0":"post-571483","1":"product","2":"type-product","3":"status-publish","4":"has-post-thumbnail","6":"product_cat-denim","7":"product_cat-nederdelar","8":"product_cat-stretch-jeans-dam","9":"product_cat-utsvangda-jeans-dam","11":"first","12":"instock","13":"taxable","14":"shipping-taxable","15":"purchasable","16":"product-type-variable"},"acf":[],"gallery_images":[571480,571481,571482,571478],"_links":{"self":[{"href":"https:\/\/loveforever.se\/en\/wp-json\/wp\/v2\/product\/571483","targetHints":{"allow":["GET"]}}],"collection":[{"href":"https:\/\/loveforever.se\/en\/wp-json\/wp\/v2\/product"}],"about":[{"href":"https:\/\/loveforever.se\/en\/wp-json\/wp\/v2\/types\/product"}],"replies":[{"embeddable":true,"href":"https:\/\/loveforever.se\/en\/wp-json\/wp\/v2\/comments?post=571483"}],"wp:featuredmedia":[{"embeddable":true,"href":"https:\/\/loveforever.se\/en\/wp-json\/wp\/v2\/media\/571479"}],"wp:attachment":[{"href":"https:\/\/loveforever.se\/en\/wp-json\/wp\/v2\/media?parent=571483"}],"wp:term":[{"taxonomy":"product_brand","embeddable":true,"href":"https:\/\/loveforever.se\/en\/wp-json\/wp\/v2\/product_brand?post=571483"},{"taxonomy":"product_cat","embeddable":true,"href":"https:\/\/loveforever.se\/en\/wp-json\/wp\/v2\/product_cat?post=571483"},{"taxonomy":"product_tag","embeddable":true,"href":"https:\/\/loveforever.se\/en\/wp-json\/wp\/v2\/product_tag?post=571483"}],"curies":[{"name":"wp","href":"https:\/\/api.w.org\/{rel}","templated":true}]}}