{"id":571500,"date":"2026-02-10T15:17:54","date_gmt":"2026-02-10T14:17:54","guid":{"rendered":"https:\/\/loveforever.se\/?post_type=product&#038;p=571500"},"modified":"2026-04-14T23:12:00","modified_gmt":"2026-04-14T21:12:00","slug":"folyrose-beige-jeans-med-mycket-stretch","status":"publish","type":"product","link":"https:\/\/loveforever.se\/en\/produkt\/folyrose-beige-jeans-med-mycket-stretch\/","title":{"rendered":"Folyrose Beige Jeans med mycket stretch &#8211; FYNDA"},"content":{"rendered":"","protected":false},"excerpt":{"rendered":"<p>Superstretchiga jeans i en snygg beige nyans som ger en stilren och trendig look. Modellen har en smickrande passform med normal till h\u00f6g midja och sk\u00f6n stretch som g\u00f6r dem lika bekv\u00e4ma som snygga hela dagen.<\/p>\n<p>Den croppade benl\u00e4ngden med r\u00e5 kant nedtill ger en avslappnat cool k\u00e4nsla och l\u00e5ter skorna ta plats \u2013 perfekta att b\u00e4ra med boots, sneakers, sandaler eller klackar. Ett par jeans som funkar lika bra till vardag som till fest.<\/p>\n<p>Tillverkade i 98% bomull och 2% elastan f\u00f6r en mjuk och f\u00f6ljsam k\u00e4nsla med perfekt stretch.<br \/>\nModellen \u00e4r 170 cm l\u00e5ng och b\u00e4r storlek S.<\/p>","protected":false},"featured_media":571496,"comment_status":"open","ping_status":"closed","template":"","meta":{"_acf_changed":false},"product_brand":[],"product_cat":[1181],"product_tag":[],"class_list":{"0":"post-571500","1":"product","2":"type-product","3":"status-publish","4":"has-post-thumbnail","6":"product_cat-fynda","8":"first","9":"instock","10":"sale","11":"taxable","12":"shipping-taxable","13":"purchasable","14":"product-type-variable"},"acf":[],"gallery_images":[571497,571495,571499],"_links":{"self":[{"href":"https:\/\/loveforever.se\/en\/wp-json\/wp\/v2\/product\/571500","targetHints":{"allow":["GET"]}}],"collection":[{"href":"https:\/\/loveforever.se\/en\/wp-json\/wp\/v2\/product"}],"about":[{"href":"https:\/\/loveforever.se\/en\/wp-json\/wp\/v2\/types\/product"}],"replies":[{"embeddable":true,"href":"https:\/\/loveforever.se\/en\/wp-json\/wp\/v2\/comments?post=571500"}],"wp:featuredmedia":[{"embeddable":true,"href":"https:\/\/loveforever.se\/en\/wp-json\/wp\/v2\/media\/571496"}],"wp:attachment":[{"href":"https:\/\/loveforever.se\/en\/wp-json\/wp\/v2\/media?parent=571500"}],"wp:term":[{"taxonomy":"product_brand","embeddable":true,"href":"https:\/\/loveforever.se\/en\/wp-json\/wp\/v2\/product_brand?post=571500"},{"taxonomy":"product_cat","embeddable":true,"href":"https:\/\/loveforever.se\/en\/wp-json\/wp\/v2\/product_cat?post=571500"},{"taxonomy":"product_tag","embeddable":true,"href":"https:\/\/loveforever.se\/en\/wp-json\/wp\/v2\/product_tag?post=571500"}],"curies":[{"name":"wp","href":"https:\/\/api.w.org\/{rel}","templated":true}]}}