{"id":571518,"date":"2026-02-10T21:08:19","date_gmt":"2026-02-10T20:08:19","guid":{"rendered":"https:\/\/loveforever.se\/?post_type=product&#038;p=571518"},"modified":"2026-04-23T10:27:57","modified_gmt":"2026-04-23T08:27:57","slug":"follies-stretchig-jeansjacka","status":"publish","type":"product","link":"https:\/\/loveforever.se\/en\/produkt\/follies-stretchig-jeansjacka\/","title":{"rendered":"Follies Stretch Jeans Jacket"},"content":{"rendered":"","protected":false},"excerpt":{"rendered":"<p>Snygg jeansjacka i klassiskt snitt som passar perfekt till b\u00e5de vardag och fest. Jackan \u00e4r mjuk och bekv\u00e4m med mycket stretch, vilket ger en sk\u00f6n passform och g\u00f6r den enkel att b\u00e4ra hela dagen.<\/p>\n<p>En tidl\u00f6s garderobsfavorit som passar lika bra \u00f6ver kl\u00e4nning som till jeans eller kjol. Normal i storlek. Modellen b\u00e4r storlek S.<\/p>","protected":false},"featured_media":571492,"comment_status":"open","ping_status":"closed","template":"","meta":{"_acf_changed":false},"product_brand":[],"product_cat":[1145,1219,1160,1159],"product_tag":[],"class_list":{"0":"post-571518","1":"product","2":"type-product","3":"status-publish","4":"has-post-thumbnail","6":"product_cat-denim","7":"product_cat-jeansjacka-dam","8":"product_cat-jackor-vastar","9":"product_cat-nyheter","11":"first","12":"instock","13":"taxable","14":"shipping-taxable","15":"purchasable","16":"product-type-variable"},"acf":[],"gallery_images":[571491,571490,571494,571493],"_links":{"self":[{"href":"https:\/\/loveforever.se\/en\/wp-json\/wp\/v2\/product\/571518","targetHints":{"allow":["GET"]}}],"collection":[{"href":"https:\/\/loveforever.se\/en\/wp-json\/wp\/v2\/product"}],"about":[{"href":"https:\/\/loveforever.se\/en\/wp-json\/wp\/v2\/types\/product"}],"replies":[{"embeddable":true,"href":"https:\/\/loveforever.se\/en\/wp-json\/wp\/v2\/comments?post=571518"}],"wp:featuredmedia":[{"embeddable":true,"href":"https:\/\/loveforever.se\/en\/wp-json\/wp\/v2\/media\/571492"}],"wp:attachment":[{"href":"https:\/\/loveforever.se\/en\/wp-json\/wp\/v2\/media?parent=571518"}],"wp:term":[{"taxonomy":"product_brand","embeddable":true,"href":"https:\/\/loveforever.se\/en\/wp-json\/wp\/v2\/product_brand?post=571518"},{"taxonomy":"product_cat","embeddable":true,"href":"https:\/\/loveforever.se\/en\/wp-json\/wp\/v2\/product_cat?post=571518"},{"taxonomy":"product_tag","embeddable":true,"href":"https:\/\/loveforever.se\/en\/wp-json\/wp\/v2\/product_tag?post=571518"}],"curies":[{"name":"wp","href":"https:\/\/api.w.org\/{rel}","templated":true}]}}