{"id":571640,"date":"2026-02-11T23:52:38","date_gmt":"2026-02-11T22:52:38","guid":{"rendered":"https:\/\/loveforever.se\/?post_type=product&#038;p=571640"},"modified":"2026-05-03T16:48:43","modified_gmt":"2026-05-03T14:48:43","slug":"lotta-bomullsklanning-neon-rosa","status":"publish","type":"product","link":"https:\/\/loveforever.se\/en\/produkt\/lotta-bomullsklanning-neon-rosa\/","title":{"rendered":"Lotta Bomullskl\u00e4nning Neon Rosa"},"content":{"rendered":"","protected":false},"excerpt":{"rendered":"<p>Magisk kl\u00e4nning med neonrosa print \u2013 en f\u00e4rgstark och lekfull version av klassikern! Tillverkad i 100% bomull med krinklad, helt strykfri kvalitet som g\u00f6r den l\u00e4tt att b\u00e4ra och packa. Den breda smocken under bysten mot midjan ger en smickrande siluett, och res\u00e5r vid halsringningen g\u00f6r att du kan b\u00e4ra kl\u00e4nningen off-shoulder f\u00f6r en feminin och lekfull look.<\/p>\n<p>Kl\u00e4nningen har normal till rymlig passform och k\u00e4nns luftig och bekv\u00e4m. Perfekt f\u00f6r vardag, fest eller sommarens alla \u00e4ventyr.<\/p>\n<p>Modellen \u00e4r 163 cm l\u00e5ng, har bystm\u00e5tt 93 cm och b\u00e4r storlek S\u2013M \u2013 kl\u00e4nningen \u00e4r rymlig p\u00e5 henne.<\/p>\n<p>\u2714 Neonrosa print \u2013 f\u00e4rgstark och lekfull<br \/>\n\u2714 100% bomull, krinklad och strykfri<br \/>\n\u2714 Bred smock under byst mot midja f\u00f6r smickrande passform<br \/>\n\u2714 Res\u00e5r vid halsringning \u2013 kan b\u00e4ras off-shoulder<br \/>\n\u2714 Normal till rymlig passform<\/p>","protected":false},"featured_media":571596,"comment_status":"open","ping_status":"closed","template":"","meta":{"_acf_changed":false},"product_brand":[],"product_cat":[1151,1138,1156,1159],"product_tag":[],"class_list":{"0":"post-571640","1":"product","2":"type-product","3":"status-publish","4":"has-post-thumbnail","6":"product_cat-klanningar-dam","7":"product_cat-klanningar-tunikor","8":"product_cat-korta","9":"product_cat-nyheter","11":"first","12":"instock","13":"taxable","14":"shipping-taxable","15":"purchasable","16":"product-type-variable"},"acf":[],"gallery_images":[571602,571597,571601],"_links":{"self":[{"href":"https:\/\/loveforever.se\/en\/wp-json\/wp\/v2\/product\/571640","targetHints":{"allow":["GET"]}}],"collection":[{"href":"https:\/\/loveforever.se\/en\/wp-json\/wp\/v2\/product"}],"about":[{"href":"https:\/\/loveforever.se\/en\/wp-json\/wp\/v2\/types\/product"}],"replies":[{"embeddable":true,"href":"https:\/\/loveforever.se\/en\/wp-json\/wp\/v2\/comments?post=571640"}],"wp:featuredmedia":[{"embeddable":true,"href":"https:\/\/loveforever.se\/en\/wp-json\/wp\/v2\/media\/571596"}],"wp:attachment":[{"href":"https:\/\/loveforever.se\/en\/wp-json\/wp\/v2\/media?parent=571640"}],"wp:term":[{"taxonomy":"product_brand","embeddable":true,"href":"https:\/\/loveforever.se\/en\/wp-json\/wp\/v2\/product_brand?post=571640"},{"taxonomy":"product_cat","embeddable":true,"href":"https:\/\/loveforever.se\/en\/wp-json\/wp\/v2\/product_cat?post=571640"},{"taxonomy":"product_tag","embeddable":true,"href":"https:\/\/loveforever.se\/en\/wp-json\/wp\/v2\/product_tag?post=571640"}],"curies":[{"name":"wp","href":"https:\/\/api.w.org\/{rel}","templated":true}]}}