{"id":571643,"date":"2026-02-12T00:06:04","date_gmt":"2026-02-11T23:06:04","guid":{"rendered":"https:\/\/loveforever.se\/?post_type=product&#038;p=571643"},"modified":"2026-05-02T21:04:16","modified_gmt":"2026-05-02T19:04:16","slug":"jennifer-blus-manga-farger","status":"publish","type":"product","link":"https:\/\/loveforever.se\/en\/produkt\/jennifer-blus-manga-farger\/","title":{"rendered":"Jennifer Blus &#8211; m\u00e5nga f\u00e4rger"},"content":{"rendered":"","protected":false},"excerpt":{"rendered":"<p>H\u00e4rlig blus med res\u00e5r kring halsringningen som g\u00f6r att du enkelt kan b\u00e4ra den off-shoulder. Res\u00e5r nedtill ger dig m\u00f6jlighet att sj\u00e4lv v\u00e4lja l\u00e4ngd och g\u00f6r att blusen f\u00e5r ett fint, mjukt fall. \u00c4ven vid \u00e4rmsluten finns res\u00e5r, s\u00e5 du kan styla \u00e4rmarna l\u00e4ngre ner eller puffa dem upp\u00e5t f\u00f6r en lekfull look.<\/p>\n<p>Blusen har normal till rymlig passform och \u00e4r l\u00e4ttburen till b\u00e5de vardag och fest. Modellen b\u00e4r storlek S\u2013M.<\/p>\n<p>\u2714 Res\u00e5r vid halsringning \u2013 kan b\u00e4ras off-shoulder<br \/>\n\u2714 Res\u00e5r nedtill \u2013 justerbar l\u00e4ngd och fint fall<br \/>\n\u2714 Res\u00e5r vid \u00e4rmslut \u2013 v\u00e4lj mellan l\u00e5ng \u00e4rm eller puffad look<br \/>\n\u2714 Normal till rymlig passform<br \/>\n\u2714 Modellen b\u00e4r S\u2013M<\/p>","protected":false},"featured_media":571607,"comment_status":"open","ping_status":"closed","template":"","meta":{"_acf_changed":false},"product_brand":[],"product_cat":[1147,1159],"product_tag":[],"class_list":{"0":"post-571643","1":"product","2":"type-product","3":"status-publish","4":"has-post-thumbnail","6":"product_cat-toppar-blusar","7":"product_cat-nyheter","9":"first","10":"instock","11":"taxable","12":"shipping-taxable","13":"purchasable","14":"product-type-variable"},"acf":[],"gallery_images":[571615,571617,571611,571612,571619,571618,571616,571614,571608,571609,571610,571613],"_links":{"self":[{"href":"https:\/\/loveforever.se\/en\/wp-json\/wp\/v2\/product\/571643","targetHints":{"allow":["GET"]}}],"collection":[{"href":"https:\/\/loveforever.se\/en\/wp-json\/wp\/v2\/product"}],"about":[{"href":"https:\/\/loveforever.se\/en\/wp-json\/wp\/v2\/types\/product"}],"replies":[{"embeddable":true,"href":"https:\/\/loveforever.se\/en\/wp-json\/wp\/v2\/comments?post=571643"}],"wp:featuredmedia":[{"embeddable":true,"href":"https:\/\/loveforever.se\/en\/wp-json\/wp\/v2\/media\/571607"}],"wp:attachment":[{"href":"https:\/\/loveforever.se\/en\/wp-json\/wp\/v2\/media?parent=571643"}],"wp:term":[{"taxonomy":"product_brand","embeddable":true,"href":"https:\/\/loveforever.se\/en\/wp-json\/wp\/v2\/product_brand?post=571643"},{"taxonomy":"product_cat","embeddable":true,"href":"https:\/\/loveforever.se\/en\/wp-json\/wp\/v2\/product_cat?post=571643"},{"taxonomy":"product_tag","embeddable":true,"href":"https:\/\/loveforever.se\/en\/wp-json\/wp\/v2\/product_tag?post=571643"}],"curies":[{"name":"wp","href":"https:\/\/api.w.org\/{rel}","templated":true}]}}