{"id":571695,"date":"2026-02-12T14:02:40","date_gmt":"2026-02-12T13:02:40","guid":{"rendered":"https:\/\/loveforever.se\/?post_type=product&#038;p=571695"},"modified":"2026-04-12T07:38:22","modified_gmt":"2026-04-12T05:38:22","slug":"oversize-bomullsblus-flera-farger","status":"publish","type":"product","link":"https:\/\/loveforever.se\/en\/produkt\/oversize-bomullsblus-flera-farger\/","title":{"rendered":"Oversize Bomullsblus &#8211; flera f\u00e4rger"},"content":{"rendered":"","protected":false},"excerpt":{"rendered":"<p>Magiskt h\u00e4rlig oversize skjortblus i mjukaste bomullstyget som snabbt blir en favorit i garderoben. De s\u00f6ta printen g\u00f6r den l\u00e4tt att matcha med coola jeans, shorts eller vita byxor f\u00f6r en avslappnad men snygg look.<\/p>\n<p>Den krinklade bomullen g\u00f6r blusen helt strykfri och perfekt b\u00e5de f\u00f6r vardag och resa. Res\u00e5r vid \u00e4rmsluten g\u00f6r att du enkelt kan dra upp \u00e4rmarna och f\u00e5 en fin, l\u00e4tt ballongform som ger extra karakt\u00e4r till plagget.<\/p>\n<p>Den gener\u00f6sa oversize-modellen ger ett fint fall och en luftig k\u00e4nsla som passar m\u00e5nga kroppstyper.<\/p>\n<p>\u2714 Oversize skjortblus i mjuk bomull<br \/>\n\u2714 Krinklad och helt strykfri kvalitet<br \/>\n\u2714 Res\u00e5r vid \u00e4rmslut f\u00f6r ballongeffekt<br \/>\n\u2714 L\u00e4tt att styla till jeans, shorts eller vita byxor<br \/>\n\u2714 One size, passar S\u2013XXL<\/p>\n<p>M\u00e5tt:<br \/>\nArmh\u00e5la till armh\u00e5la: ca 73 cm<br \/>\nL\u00e4ngd: ca 73 cm fram och 80 cm bak<\/p>","protected":false},"featured_media":571671,"comment_status":"open","ping_status":"closed","template":"","meta":{"_acf_changed":false},"product_brand":[],"product_cat":[1147,1159],"product_tag":[],"class_list":{"0":"post-571695","1":"product","2":"type-product","3":"status-publish","4":"has-post-thumbnail","6":"product_cat-toppar-blusar","7":"product_cat-nyheter","9":"first","10":"outofstock","11":"taxable","12":"shipping-taxable","13":"purchasable","14":"product-type-variable"},"acf":[],"gallery_images":[571660,571664,571665,571666,571659,571661,571662,571663,571670,571669,571668,571667],"_links":{"self":[{"href":"https:\/\/loveforever.se\/en\/wp-json\/wp\/v2\/product\/571695","targetHints":{"allow":["GET"]}}],"collection":[{"href":"https:\/\/loveforever.se\/en\/wp-json\/wp\/v2\/product"}],"about":[{"href":"https:\/\/loveforever.se\/en\/wp-json\/wp\/v2\/types\/product"}],"replies":[{"embeddable":true,"href":"https:\/\/loveforever.se\/en\/wp-json\/wp\/v2\/comments?post=571695"}],"wp:featuredmedia":[{"embeddable":true,"href":"https:\/\/loveforever.se\/en\/wp-json\/wp\/v2\/media\/571671"}],"wp:attachment":[{"href":"https:\/\/loveforever.se\/en\/wp-json\/wp\/v2\/media?parent=571695"}],"wp:term":[{"taxonomy":"product_brand","embeddable":true,"href":"https:\/\/loveforever.se\/en\/wp-json\/wp\/v2\/product_brand?post=571695"},{"taxonomy":"product_cat","embeddable":true,"href":"https:\/\/loveforever.se\/en\/wp-json\/wp\/v2\/product_cat?post=571695"},{"taxonomy":"product_tag","embeddable":true,"href":"https:\/\/loveforever.se\/en\/wp-json\/wp\/v2\/product_tag?post=571695"}],"curies":[{"name":"wp","href":"https:\/\/api.w.org\/{rel}","templated":true}]}}