{"id":572395,"date":"2026-03-05T00:03:48","date_gmt":"2026-03-04T23:03:48","guid":{"rendered":"https:\/\/loveforever.se\/?post_type=product&#038;p=572395"},"modified":"2026-05-07T14:39:39","modified_gmt":"2026-05-07T12:39:39","slug":"queen-oversize-topp-svart-neonrosa","status":"publish","type":"product","link":"https:\/\/loveforever.se\/en\/produkt\/queen-oversize-topp-svart-neonrosa\/","title":{"rendered":"QUEEN Oversize Topp &#8211; Svart, Neonrosa"},"content":{"rendered":"","protected":false},"excerpt":{"rendered":"<p>Supercool oversize t-shirt topp i mjukt och sk\u00f6nt bomullstyg med stretch. Den avslappnade passformen ger en trendig och modern look samtidigt som tyget k\u00e4nns f\u00f6ljsamt och bekv\u00e4mt mot huden.<\/p>\n<p>P\u00e5 br\u00f6stet sitter ett snyggt tuft-tryck med texten QUEEN, som ger toppen en cool statementk\u00e4nsla. Modellen \u00e4r n\u00e5got kortare framtill och l\u00e4ngre baktill f\u00f6r ett fint fall och en avslappnad siluett. De hell\u00e5nga \u00e4rmarna kan du enkelt vika upp eller dra upp f\u00f6r en mer casual styling.<\/p>\n<p>Perfekt att b\u00e4ra till jeans, jeansshorts, leggings eller kjol f\u00f6r en enkel men trendig outfit som funkar b\u00e5de till vardag och lediga dagar.<\/p>\n<p>Detaljer:<br \/>\n\u2022 Oversize modell<br \/>\n\u2022 Tuft-tryck QUEEN p\u00e5 br\u00f6stet<br \/>\n\u2022 Kortare fram, l\u00e4ngre bak<br \/>\n\u2022 Hell\u00e5nga \u00e4rmar som kan vikas eller dras upp<br \/>\n\u2022 Mjukt och bekv\u00e4mt tyg<br \/>\n\u2022 100% bomull med stretch<br \/>\n\u2022 One size \u2013 passar ca XS\u2013XL<\/p>","protected":false},"featured_media":572394,"comment_status":"open","ping_status":"closed","template":"","meta":{"_acf_changed":false},"product_brand":[],"product_cat":[1147,1159,1208],"product_tag":[],"class_list":{"0":"post-572395","1":"product","2":"type-product","3":"status-publish","4":"has-post-thumbnail","6":"product_cat-toppar-blusar","7":"product_cat-nyheter","8":"product_cat-shoppafranlive","10":"first","11":"instock","12":"taxable","13":"shipping-taxable","14":"purchasable","15":"product-type-variable"},"acf":[],"gallery_images":[572390,572392,572393,572391,572388,572387,572386],"_links":{"self":[{"href":"https:\/\/loveforever.se\/en\/wp-json\/wp\/v2\/product\/572395","targetHints":{"allow":["GET"]}}],"collection":[{"href":"https:\/\/loveforever.se\/en\/wp-json\/wp\/v2\/product"}],"about":[{"href":"https:\/\/loveforever.se\/en\/wp-json\/wp\/v2\/types\/product"}],"replies":[{"embeddable":true,"href":"https:\/\/loveforever.se\/en\/wp-json\/wp\/v2\/comments?post=572395"}],"wp:featuredmedia":[{"embeddable":true,"href":"https:\/\/loveforever.se\/en\/wp-json\/wp\/v2\/media\/572394"}],"wp:attachment":[{"href":"https:\/\/loveforever.se\/en\/wp-json\/wp\/v2\/media?parent=572395"}],"wp:term":[{"taxonomy":"product_brand","embeddable":true,"href":"https:\/\/loveforever.se\/en\/wp-json\/wp\/v2\/product_brand?post=572395"},{"taxonomy":"product_cat","embeddable":true,"href":"https:\/\/loveforever.se\/en\/wp-json\/wp\/v2\/product_cat?post=572395"},{"taxonomy":"product_tag","embeddable":true,"href":"https:\/\/loveforever.se\/en\/wp-json\/wp\/v2\/product_tag?post=572395"}],"curies":[{"name":"wp","href":"https:\/\/api.w.org\/{rel}","templated":true}]}}