{"id":572466,"date":"2026-03-05T22:34:40","date_gmt":"2026-03-05T21:34:40","guid":{"rendered":"https:\/\/loveforever.se\/?post_type=product&#038;p=572466"},"modified":"2026-05-03T18:25:14","modified_gmt":"2026-05-03T16:25:14","slug":"maxime-bomullsklanning-randig-2","status":"publish","type":"product","link":"https:\/\/loveforever.se\/en\/produkt\/maxime-bomullsklanning-randig-2\/","title":{"rendered":"Maxime Cotton Dress Striped"},"content":{"rendered":"","protected":false},"excerpt":{"rendered":"<p>Dr\u00f6mmig kl\u00e4nning i rosa och r\u00f6d rand \u2013 lika snygg p\u00e5 stranden som p\u00e5 stan.<br \/>\nDen h\u00e4r kl\u00e4nningen \u00e4r som gjord f\u00f6r lata sommardagar och spontana kv\u00e4llsutflykter. Med sin one size-passform (passar ca S\u2013XL) och sitt lediga, luftiga fall sitter den bekv\u00e4mt och smickrande p\u00e5 m\u00e5nga kroppstyper. Du knyter axelbanden p\u00e5 toppen av axeln och justerar s\u00e5 l\u00e4ngden. <\/p>\n<p>Tillverkad i 100% krinklad bomull, s\u00e5 du slipper stryka \u2013 bara tv\u00e4tta och h\u00e4ng p\u00e5 galge. Den rosa och r\u00f6d-randiga f\u00e4rgkombinationen k\u00e4nns b\u00e5de lekfull och elegant \u2013 perfekt f\u00f6r dig som \u00e4lskar f\u00e4rg men vill h\u00e5lla det stilrent.<\/p>\n<p>Detaljer:<\/p>\n<p>M\u00e5tt: armh\u00e5la till armh\u00e5la ca 59 cm, l\u00e4ngd ca 135 cm<\/p>\n<p>Djupare urringning i ryggen \u2013 snyggt till bikini eller v\u00e5r Sara spetsstopp under<\/p>\n<p>Luftig, sval modell i krinklad bomull \u2013 perfekt i v\u00e4rmen<\/p>\n<p>One size: passar ungef\u00e4r S\u2013XL<\/p>\n<p>S\u00e5 stylar du den:<\/p>\n<p>Till sandaler och bastote f\u00f6r en dag vid havet<\/p>\n<p>Med sneakers och jeansjacka i stan<\/p>\n<p>Med klackar, statement\u00f6rh\u00e4ngen och midjev\u00e4ska till sommarkv\u00e4llen<\/p>\n<p>\u2728 En f\u00e4rgstark favorit f\u00f6r dig som \u00e4lskar bekv\u00e4m stil med karakt\u00e4r.<\/p>","protected":false},"featured_media":572440,"comment_status":"open","ping_status":"closed","template":"","meta":{"_acf_changed":false},"product_brand":[],"product_cat":[1155,1151,1138,1226,1152,1159],"product_tag":[],"class_list":{"0":"post-572466","1":"product","2":"type-product","3":"status-publish","4":"has-post-thumbnail","6":"product_cat-bohemiska","7":"product_cat-klanningar-dam","8":"product_cat-klanningar-tunikor","9":"product_cat-maxiklanningar","10":"product_cat-monstrade","11":"product_cat-nyheter","13":"first","14":"instock","15":"taxable","16":"shipping-taxable","17":"purchasable","18":"product-type-simple"},"acf":[],"gallery_images":[572443,572442,572441,572439],"_links":{"self":[{"href":"https:\/\/loveforever.se\/en\/wp-json\/wp\/v2\/product\/572466","targetHints":{"allow":["GET"]}}],"collection":[{"href":"https:\/\/loveforever.se\/en\/wp-json\/wp\/v2\/product"}],"about":[{"href":"https:\/\/loveforever.se\/en\/wp-json\/wp\/v2\/types\/product"}],"replies":[{"embeddable":true,"href":"https:\/\/loveforever.se\/en\/wp-json\/wp\/v2\/comments?post=572466"}],"wp:featuredmedia":[{"embeddable":true,"href":"https:\/\/loveforever.se\/en\/wp-json\/wp\/v2\/media\/572440"}],"wp:attachment":[{"href":"https:\/\/loveforever.se\/en\/wp-json\/wp\/v2\/media?parent=572466"}],"wp:term":[{"taxonomy":"product_brand","embeddable":true,"href":"https:\/\/loveforever.se\/en\/wp-json\/wp\/v2\/product_brand?post=572466"},{"taxonomy":"product_cat","embeddable":true,"href":"https:\/\/loveforever.se\/en\/wp-json\/wp\/v2\/product_cat?post=572466"},{"taxonomy":"product_tag","embeddable":true,"href":"https:\/\/loveforever.se\/en\/wp-json\/wp\/v2\/product_tag?post=572466"}],"curies":[{"name":"wp","href":"https:\/\/api.w.org\/{rel}","templated":true}]}}