{"id":572514,"date":"2026-03-06T12:36:19","date_gmt":"2026-03-06T11:36:19","guid":{"rendered":"https:\/\/loveforever.se\/?post_type=product&#038;p=572514"},"modified":"2026-04-28T10:06:48","modified_gmt":"2026-04-28T08:06:48","slug":"superstretchig-lang-jeanskjol-med-nitar","status":"publish","type":"product","link":"https:\/\/loveforever.se\/en\/produkt\/superstretchig-lang-jeanskjol-med-nitar\/","title":{"rendered":"Superstretchig l\u00e5ng jeanskjol med nitar"},"content":{"rendered":"","protected":false},"excerpt":{"rendered":"<p>Superstretchig, vid och l\u00e5ng jeanskjol i en m\u00f6rk denim med l\u00e4tt sliten jeanstv\u00e4tt som ger en cool och modern look. Kjolen har en smickrande passform och ett fint fall tack vare det stretchiga materialet som g\u00f6r den b\u00e5de bekv\u00e4m och l\u00e4tt att b\u00e4ra hela dagen.<\/p>\n<p>De dekorativa nitarna l\u00e4ngs sidorna ger kjolen en trendig edge och g\u00f6r den till ett riktigt statementplagg i garderoben. Den l\u00e5nga modellen skapar en stilren siluett som \u00e4r lika snygg till vardag som till mer uppkl\u00e4dda tillf\u00e4llen.<\/p>\n<p>Styla med t-shirt, blus eller stickad tr\u00f6ja och kombinera med sneakers, boots eller sandaler f\u00f6r olika uttryck beroende p\u00e5 s\u00e4song.<\/p>\n<p>Detaljer:<br \/>\n\u2022 L\u00e5ng och vid modell<br \/>\n\u2022 Superstretchigt denimtyg<br \/>\n\u2022 Coola nitdetaljer l\u00e4ngs sidorna<br \/>\n\u2022 M\u00f6rk, l\u00e4tt sliten jeanstv\u00e4tt<br \/>\n\u2022 Bekv\u00e4m och smickrande passform<br \/>\n\u2022 Normal i storlek \u2013 modellen b\u00e4r XS<\/p>","protected":false},"featured_media":572520,"comment_status":"open","ping_status":"closed","template":"","meta":{"_acf_changed":false},"product_brand":[],"product_cat":[1145,1221,1146,1159],"product_tag":[],"class_list":{"0":"post-572514","1":"product","2":"type-product","3":"status-publish","4":"has-post-thumbnail","6":"product_cat-denim","7":"product_cat-jeanskjolar","8":"product_cat-nederdelar","9":"product_cat-nyheter","11":"first","12":"instock","13":"taxable","14":"shipping-taxable","15":"purchasable","16":"product-type-variable"},"acf":[],"gallery_images":[572522,572523,572521],"_links":{"self":[{"href":"https:\/\/loveforever.se\/en\/wp-json\/wp\/v2\/product\/572514","targetHints":{"allow":["GET"]}}],"collection":[{"href":"https:\/\/loveforever.se\/en\/wp-json\/wp\/v2\/product"}],"about":[{"href":"https:\/\/loveforever.se\/en\/wp-json\/wp\/v2\/types\/product"}],"replies":[{"embeddable":true,"href":"https:\/\/loveforever.se\/en\/wp-json\/wp\/v2\/comments?post=572514"}],"wp:featuredmedia":[{"embeddable":true,"href":"https:\/\/loveforever.se\/en\/wp-json\/wp\/v2\/media\/572520"}],"wp:attachment":[{"href":"https:\/\/loveforever.se\/en\/wp-json\/wp\/v2\/media?parent=572514"}],"wp:term":[{"taxonomy":"product_brand","embeddable":true,"href":"https:\/\/loveforever.se\/en\/wp-json\/wp\/v2\/product_brand?post=572514"},{"taxonomy":"product_cat","embeddable":true,"href":"https:\/\/loveforever.se\/en\/wp-json\/wp\/v2\/product_cat?post=572514"},{"taxonomy":"product_tag","embeddable":true,"href":"https:\/\/loveforever.se\/en\/wp-json\/wp\/v2\/product_tag?post=572514"}],"curies":[{"name":"wp","href":"https:\/\/api.w.org\/{rel}","templated":true}]}}