{"id":572628,"date":"2026-03-09T18:14:55","date_gmt":"2026-03-09T17:14:55","guid":{"rendered":"https:\/\/loveforever.se\/?post_type=product&#038;p=572628"},"modified":"2026-05-05T12:45:51","modified_gmt":"2026-05-05T10:45:51","slug":"cilla-viskosblus-vit-svart-neonrosa","status":"publish","type":"product","link":"https:\/\/loveforever.se\/en\/produkt\/cilla-viskosblus-vit-svart-neonrosa\/","title":{"rendered":"Cilla Viskosblus &#8211; vit, svart, neonrosa"},"content":{"rendered":"","protected":false},"excerpt":{"rendered":"<p>Magiskt fin blus\/tunika i mjuk viskos med l\u00e4tt struktur som ger tyget ett vackert fall och en exklusiv k\u00e4nsla. Modellen \u00e4r feminin och smickrande med en l\u00e4tt figursydd passform \u00f6ver byst och rygg, som sedan \u00f6verg\u00e5r i en elegant A-linjeform fr\u00e5n midjan och ned\u00e5t.<\/p>\n<p>De romantiska spetsdetaljerna vid halsringningen, bak i ryggen och vid \u00e4rmsluten ger plagget en feminin och bohemisk k\u00e4nsla. \u00c4rmarna avslutas med res\u00e5r, vilket g\u00f6r att du enkelt kan dra upp dem f\u00f6r ett puffigt och avslappnat uttryck.<\/p>\n<p>En m\u00e5ngsidig favorit som passar perfekt till jeans, leggings eller jeansshorts \u2013 lika fin till vardags som till mer uppkl\u00e4dda tillf\u00e4llen.<\/p>\n<p>Detaljer:<br \/>\n\u2022 Mjuk viskos med l\u00e4tt struktur<br \/>\n\u2022 Feminin passform \u2013 l\u00e4tt figursydd \u00f6ver byst och rygg<br \/>\n\u2022 A-linjeform fr\u00e5n midjan<br \/>\n\u2022 Spetsdetaljer vid hals, rygg och \u00e4rmslut<br \/>\n\u2022 \u00c4rmar med res\u00e5r f\u00f6r puffig effekt<br \/>\n\u2022 Normal i storlek<br \/>\n\u2022 Finns i neonrosa, svart och vit<\/p>\n<p>M\u00e5tt (t\u00e4nk p\u00e5 att det alltid kan skilja upp till 1,5cm)<br \/>\nSM: armh\u00e5la-armh\u00e5la 49cm, l\u00e4ngd 71cm<br \/>\nL-XL: armh\u00e5la-armh\u00e5la 56cm, l\u00e4ngd 73cm<\/p>","protected":false},"featured_media":572605,"comment_status":"open","ping_status":"closed","template":"","meta":{"_acf_changed":false},"product_brand":[],"product_cat":[1147,1159],"product_tag":[],"class_list":{"0":"post-572628","1":"product","2":"type-product","3":"status-publish","4":"has-post-thumbnail","6":"product_cat-toppar-blusar","7":"product_cat-nyheter","9":"first","10":"instock","11":"taxable","12":"shipping-taxable","13":"purchasable","14":"product-type-variable"},"acf":[],"gallery_images":[572477,572478,572479,572480,572476],"_links":{"self":[{"href":"https:\/\/loveforever.se\/en\/wp-json\/wp\/v2\/product\/572628","targetHints":{"allow":["GET"]}}],"collection":[{"href":"https:\/\/loveforever.se\/en\/wp-json\/wp\/v2\/product"}],"about":[{"href":"https:\/\/loveforever.se\/en\/wp-json\/wp\/v2\/types\/product"}],"replies":[{"embeddable":true,"href":"https:\/\/loveforever.se\/en\/wp-json\/wp\/v2\/comments?post=572628"}],"wp:featuredmedia":[{"embeddable":true,"href":"https:\/\/loveforever.se\/en\/wp-json\/wp\/v2\/media\/572605"}],"wp:attachment":[{"href":"https:\/\/loveforever.se\/en\/wp-json\/wp\/v2\/media?parent=572628"}],"wp:term":[{"taxonomy":"product_brand","embeddable":true,"href":"https:\/\/loveforever.se\/en\/wp-json\/wp\/v2\/product_brand?post=572628"},{"taxonomy":"product_cat","embeddable":true,"href":"https:\/\/loveforever.se\/en\/wp-json\/wp\/v2\/product_cat?post=572628"},{"taxonomy":"product_tag","embeddable":true,"href":"https:\/\/loveforever.se\/en\/wp-json\/wp\/v2\/product_tag?post=572628"}],"curies":[{"name":"wp","href":"https:\/\/api.w.org\/{rel}","templated":true}]}}