{"id":572673,"date":"2026-03-09T23:54:57","date_gmt":"2026-03-09T22:54:57","guid":{"rendered":"https:\/\/loveforever.se\/?post_type=product&#038;p=572673"},"modified":"2026-04-12T11:59:52","modified_gmt":"2026-04-12T09:59:52","slug":"stretchig-jeansklanning-ned-balte","status":"publish","type":"product","link":"https:\/\/loveforever.se\/en\/produkt\/stretchig-jeansklanning-ned-balte\/","title":{"rendered":"Stretchig Jeanskl\u00e4nning ned B\u00e4lte"},"content":{"rendered":"","protected":false},"excerpt":{"rendered":"<p>Supersnygg jeanskl\u00e4nning i mjuk och stretchig denim som ger en bekv\u00e4m och smickrande passform. Den feminina modellen f\u00f6ljer kroppen fint samtidigt som tyget g\u00f6r kl\u00e4nningen l\u00e4tt att r\u00f6ra sig i och sk\u00f6n att b\u00e4ra hela dagen.<\/p>\n<p>Kl\u00e4nningen har l\u00e5nga \u00e4rmar och kn\u00e4ppning framtill med knappar, vilket ger en klassisk och stilren jeanslook. Det medf\u00f6ljande sk\u00e4rpet i samma jeanstyg markerar midjan och skapar en feminin siluett, men kan \u00e4ven tas bort om du vill b\u00e4ra kl\u00e4nningen mer avslappnat.<\/p>\n<p>De praktiska detaljerna med fickor och h\u00e4llor ger en tidl\u00f6s denimk\u00e4nsla. Perfekt att styla med boots f\u00f6r en cool look, sneakers till vardags eller sandaler n\u00e4r det \u00e4r varmare ute.<\/p>\n<p>Detaljer:<br \/>\n\u2022 Mjuk denim med mycket stretch<br \/>\n\u2022 L\u00e5nga \u00e4rmar<br \/>\n\u2022 Kn\u00e4ppning framtill med knappar<br \/>\n\u2022 Tillh\u00f6rande sk\u00e4rp i jeanstyg<br \/>\n\u2022 Feminint snitt<br \/>\n\u2022 Fickor och h\u00e4llor<br \/>\n\u2022 Normal i storlek<\/p>","protected":false},"featured_media":572508,"comment_status":"open","ping_status":"closed","template":"","meta":{"_acf_changed":false},"product_brand":[],"product_cat":[1145,1261,1138,1159],"product_tag":[],"class_list":{"0":"post-572673","1":"product","2":"type-product","3":"status-publish","4":"has-post-thumbnail","6":"product_cat-denim","7":"product_cat-jeansklanningar","8":"product_cat-klanningar-tunikor","9":"product_cat-nyheter","11":"first","12":"instock","13":"taxable","14":"shipping-taxable","15":"purchasable","16":"product-type-variable"},"acf":[],"gallery_images":[572679,572509],"_links":{"self":[{"href":"https:\/\/loveforever.se\/en\/wp-json\/wp\/v2\/product\/572673","targetHints":{"allow":["GET"]}}],"collection":[{"href":"https:\/\/loveforever.se\/en\/wp-json\/wp\/v2\/product"}],"about":[{"href":"https:\/\/loveforever.se\/en\/wp-json\/wp\/v2\/types\/product"}],"replies":[{"embeddable":true,"href":"https:\/\/loveforever.se\/en\/wp-json\/wp\/v2\/comments?post=572673"}],"wp:featuredmedia":[{"embeddable":true,"href":"https:\/\/loveforever.se\/en\/wp-json\/wp\/v2\/media\/572508"}],"wp:attachment":[{"href":"https:\/\/loveforever.se\/en\/wp-json\/wp\/v2\/media?parent=572673"}],"wp:term":[{"taxonomy":"product_brand","embeddable":true,"href":"https:\/\/loveforever.se\/en\/wp-json\/wp\/v2\/product_brand?post=572673"},{"taxonomy":"product_cat","embeddable":true,"href":"https:\/\/loveforever.se\/en\/wp-json\/wp\/v2\/product_cat?post=572673"},{"taxonomy":"product_tag","embeddable":true,"href":"https:\/\/loveforever.se\/en\/wp-json\/wp\/v2\/product_tag?post=572673"}],"curies":[{"name":"wp","href":"https:\/\/api.w.org\/{rel}","templated":true}]}}