{"id":572756,"date":"2026-03-11T16:27:29","date_gmt":"2026-03-11T15:27:29","guid":{"rendered":"https:\/\/loveforever.se\/?post_type=product&#038;p=572756"},"modified":"2026-04-13T10:52:51","modified_gmt":"2026-04-13T08:52:51","slug":"jane-fonda-jeansklanning","status":"publish","type":"product","link":"https:\/\/loveforever.se\/en\/produkt\/jane-fonda-jeansklanning\/","title":{"rendered":"Jane Fonda Jeanskl\u00e4nning"},"content":{"rendered":"","protected":false},"excerpt":{"rendered":"<p>Superh\u00e4rlig jeanskl\u00e4nning i tuff 70-talsstil med en avslappnad A-linjeformad modell som ger ett snyggt och ledigt fall. Den ljusare jeanstv\u00e4tten skapar en vintageinspirerad look som k\u00e4nns b\u00e5de trendig och tidl\u00f6s.<\/p>\n<p>Kl\u00e4nningen har en dragkedja vid halsringningen som ger en cool detalj och g\u00f6r att du kan justera \u00f6ppningen efter stil och k\u00e4nsla. Den oversize passformen g\u00f6r den extra bekv\u00e4m och l\u00e4tt att b\u00e4ra, samtidigt som den ger en modern siluett.<\/p>\n<p>Du kan b\u00e4ra den b\u00e5de som kl\u00e4nning eller som tunika \u00f6ver jeans, till exempel tillsammans med v\u00e5ra Melodie jeans, f\u00f6r en riktigt snygg lager-p\u00e5-lager look.<\/p>\n<p>En cool och m\u00e5ngsidig denimfavorit som funkar perfekt till sneakers, boots eller sandaler.<\/p>\n<p>Detaljer:<br \/>\n\u2022 A-linjeformad modell<br \/>\n\u2022 Ljusare jeanstv\u00e4tt<br \/>\n\u2022 Dragkedja vid halsringning<br \/>\n\u2022 Oversize passform<br \/>\n\u2022 Kan b\u00e4ras som kl\u00e4nning eller tunika<br \/>\n\u2022 Material: 90% bomull, 10% polyester<\/p>\n<p>Modellen \u00e4r 168 cm och b\u00e4r storlek S.<br \/>\nM\u00e5tt (t\u00e4nk p\u00e5 att det alltid kan skilja 1,5cm)<br \/>\nS: armh\u00e5la-armh\u00e5la 58cm, l\u00e4ngd 82cm<br \/>\nM: armh\u00e5la-armh\u00e5la 59cm, l\u00e4ngd 83cm<br \/>\nL: armh\u00e5la-armh\u00e5la 61cm, l\u00e4ngd 84cm<\/p>","protected":false},"featured_media":572752,"comment_status":"open","ping_status":"closed","template":"","meta":{"_acf_changed":false},"product_brand":[],"product_cat":[1145,1261,1151,1138,1156,1159],"product_tag":[],"class_list":{"0":"post-572756","1":"product","2":"type-product","3":"status-publish","4":"has-post-thumbnail","6":"product_cat-denim","7":"product_cat-jeansklanningar","8":"product_cat-klanningar-dam","9":"product_cat-klanningar-tunikor","10":"product_cat-korta","11":"product_cat-nyheter","13":"first","14":"outofstock","15":"taxable","16":"shipping-taxable","17":"purchasable","18":"product-type-variable"},"acf":[],"gallery_images":[572751,572754,572753],"_links":{"self":[{"href":"https:\/\/loveforever.se\/en\/wp-json\/wp\/v2\/product\/572756","targetHints":{"allow":["GET"]}}],"collection":[{"href":"https:\/\/loveforever.se\/en\/wp-json\/wp\/v2\/product"}],"about":[{"href":"https:\/\/loveforever.se\/en\/wp-json\/wp\/v2\/types\/product"}],"replies":[{"embeddable":true,"href":"https:\/\/loveforever.se\/en\/wp-json\/wp\/v2\/comments?post=572756"}],"wp:featuredmedia":[{"embeddable":true,"href":"https:\/\/loveforever.se\/en\/wp-json\/wp\/v2\/media\/572752"}],"wp:attachment":[{"href":"https:\/\/loveforever.se\/en\/wp-json\/wp\/v2\/media?parent=572756"}],"wp:term":[{"taxonomy":"product_brand","embeddable":true,"href":"https:\/\/loveforever.se\/en\/wp-json\/wp\/v2\/product_brand?post=572756"},{"taxonomy":"product_cat","embeddable":true,"href":"https:\/\/loveforever.se\/en\/wp-json\/wp\/v2\/product_cat?post=572756"},{"taxonomy":"product_tag","embeddable":true,"href":"https:\/\/loveforever.se\/en\/wp-json\/wp\/v2\/product_tag?post=572756"}],"curies":[{"name":"wp","href":"https:\/\/api.w.org\/{rel}","templated":true}]}}