{"id":572779,"date":"2026-03-11T23:18:39","date_gmt":"2026-03-11T22:18:39","guid":{"rendered":"https:\/\/loveforever.se\/?post_type=product&#038;p=572779"},"modified":"2026-05-01T18:54:31","modified_gmt":"2026-05-01T16:54:31","slug":"boney-baggy-flare-jeans-med-stretch","status":"publish","type":"product","link":"https:\/\/loveforever.se\/en\/produkt\/boney-baggy-flare-jeans-med-stretch\/","title":{"rendered":"Boney Baggy Flare Jeans med stretch"},"content":{"rendered":"","protected":false},"excerpt":{"rendered":"<p>S\u00e5 coola jeans i mjukt och lite tunnare denimtyg med sk\u00f6n stretch som g\u00f6r dem extra bekv\u00e4ma att b\u00e4ra hela dagen. Modellen sitter snyggt \u00f6ver h\u00f6fter och l\u00e5r och sl\u00e4pper fr\u00e5n kn\u00e4t och ner, vilket skapar en snygg utsv\u00e4ngd siluett med h\u00e4rlig vidd i benen.<\/p>\n<p>Den r\u00e5a kanten nedtill ger jeansen en edgy och modern k\u00e4nsla som g\u00f6r dem till ett riktigt statementplagg i garderoben. Den trendiga passformen g\u00f6r dem enkla att styla b\u00e5de avslappnat och mer uppkl\u00e4tt.<\/p>\n<p>B\u00e4r dem med en t-shirt och sneakers f\u00f6r en ledig look, eller kombinera med skinnjacka, blus eller stickad tr\u00f6ja f\u00f6r en mer stylad outfit.<\/p>\n<p>Detaljer:<br \/>\n\u2022 Mjukt och tunnare jeanstyg<br \/>\n\u2022 Sk\u00f6n stretch<br \/>\n\u2022 Utsv\u00e4ngda ben fr\u00e5n kn\u00e4t och ned\u00e5t<br \/>\n\u2022 R\u00e5 kant nedtill<br \/>\n\u2022 Trendig vidd i benen<br \/>\n\u2022 Normal i storlek<\/p>","protected":false},"featured_media":572773,"comment_status":"open","ping_status":"closed","template":"","meta":{"_acf_changed":false},"product_brand":[],"product_cat":[1225,1145,1146,1159,1222,1218],"product_tag":[],"class_list":{"0":"post-572779","1":"product","2":"type-product","3":"status-publish","4":"has-post-thumbnail","6":"product_cat-baggy-jeans","7":"product_cat-denim","8":"product_cat-nederdelar","9":"product_cat-nyheter","10":"product_cat-stretch-jeans-dam","11":"product_cat-utsvangda-jeans-dam","13":"first","14":"instock","15":"taxable","16":"shipping-taxable","17":"purchasable","18":"product-type-variable"},"acf":[],"gallery_images":[572780,572781,572774,572788,572787],"_links":{"self":[{"href":"https:\/\/loveforever.se\/en\/wp-json\/wp\/v2\/product\/572779","targetHints":{"allow":["GET"]}}],"collection":[{"href":"https:\/\/loveforever.se\/en\/wp-json\/wp\/v2\/product"}],"about":[{"href":"https:\/\/loveforever.se\/en\/wp-json\/wp\/v2\/types\/product"}],"replies":[{"embeddable":true,"href":"https:\/\/loveforever.se\/en\/wp-json\/wp\/v2\/comments?post=572779"}],"wp:featuredmedia":[{"embeddable":true,"href":"https:\/\/loveforever.se\/en\/wp-json\/wp\/v2\/media\/572773"}],"wp:attachment":[{"href":"https:\/\/loveforever.se\/en\/wp-json\/wp\/v2\/media?parent=572779"}],"wp:term":[{"taxonomy":"product_brand","embeddable":true,"href":"https:\/\/loveforever.se\/en\/wp-json\/wp\/v2\/product_brand?post=572779"},{"taxonomy":"product_cat","embeddable":true,"href":"https:\/\/loveforever.se\/en\/wp-json\/wp\/v2\/product_cat?post=572779"},{"taxonomy":"product_tag","embeddable":true,"href":"https:\/\/loveforever.se\/en\/wp-json\/wp\/v2\/product_tag?post=572779"}],"curies":[{"name":"wp","href":"https:\/\/api.w.org\/{rel}","templated":true}]}}