{"id":572802,"date":"2026-03-12T00:01:59","date_gmt":"2026-03-11T23:01:59","guid":{"rendered":"https:\/\/loveforever.se\/?post_type=product&#038;p=572802"},"modified":"2026-04-27T10:21:30","modified_gmt":"2026-04-27T08:21:30","slug":"lassie-barrel-jeans-med-stretch","status":"publish","type":"product","link":"https:\/\/loveforever.se\/en\/produkt\/lassie-barrel-jeans-med-stretch\/","title":{"rendered":"Lassie Barrel Jeans with stretch"},"content":{"rendered":"","protected":false},"excerpt":{"rendered":"<p>Trendiga barrel \/ ballong jeans i ljus denim med mycket stretch som ger b\u00e5de komfort och en modern siluett. Den avslappnade passformen med ballongformade ben skapar en cool och samtida look som \u00e4r helt r\u00e4tt i modebilden just nu.<\/p>\n<p>Jeansen har stretch \u00e4ven i midjan, vilket g\u00f6r dem extra bekv\u00e4ma och f\u00f6ljsamma. Den ljusa jeanstv\u00e4tten ger en fr\u00e4sch k\u00e4nsla som passar perfekt \u00e5ret runt. Vik g\u00e4rna upp benen nedtill f\u00f6r en \u00e4nnu trendigare styling och en mer avslappnad look.<\/p>\n<p>Ett par jeans som \u00e4r lika snygga till vardag som till mer uppkl\u00e4dda outfits. Kombinera med sneakers f\u00f6r en casual stil, boots f\u00f6r en cool k\u00e4nsla eller sandaler och klackar n\u00e4r du vill kl\u00e4 upp looken.<\/p>\n<p>Detaljer:<br \/>\n\u2022 Trendig barrel \/ ballongmodell<br \/>\n\u2022 Ljus jeanstv\u00e4tt<br \/>\n\u2022 Mycket stretch i tyget<br \/>\n\u2022 Stretch \u00e4ven i midjan<br \/>\n\u2022 Cool passform med vidd i benen<br \/>\n\u2022 Snygga att vika upp nedtill<br \/>\n\u2022 Normala i storlek<\/p>","protected":false},"featured_media":572800,"comment_status":"open","ping_status":"closed","template":"","meta":{"_acf_changed":false},"product_brand":[],"product_cat":[1225,1145,1146,1222],"product_tag":[],"class_list":{"0":"post-572802","1":"product","2":"type-product","3":"status-publish","4":"has-post-thumbnail","6":"product_cat-baggy-jeans","7":"product_cat-denim","8":"product_cat-nederdelar","9":"product_cat-stretch-jeans-dam","11":"first","12":"instock","13":"taxable","14":"shipping-taxable","15":"purchasable","16":"product-type-variable"},"acf":[],"gallery_images":[572798,572799,572801],"_links":{"self":[{"href":"https:\/\/loveforever.se\/en\/wp-json\/wp\/v2\/product\/572802","targetHints":{"allow":["GET"]}}],"collection":[{"href":"https:\/\/loveforever.se\/en\/wp-json\/wp\/v2\/product"}],"about":[{"href":"https:\/\/loveforever.se\/en\/wp-json\/wp\/v2\/types\/product"}],"replies":[{"embeddable":true,"href":"https:\/\/loveforever.se\/en\/wp-json\/wp\/v2\/comments?post=572802"}],"wp:featuredmedia":[{"embeddable":true,"href":"https:\/\/loveforever.se\/en\/wp-json\/wp\/v2\/media\/572800"}],"wp:attachment":[{"href":"https:\/\/loveforever.se\/en\/wp-json\/wp\/v2\/media?parent=572802"}],"wp:term":[{"taxonomy":"product_brand","embeddable":true,"href":"https:\/\/loveforever.se\/en\/wp-json\/wp\/v2\/product_brand?post=572802"},{"taxonomy":"product_cat","embeddable":true,"href":"https:\/\/loveforever.se\/en\/wp-json\/wp\/v2\/product_cat?post=572802"},{"taxonomy":"product_tag","embeddable":true,"href":"https:\/\/loveforever.se\/en\/wp-json\/wp\/v2\/product_tag?post=572802"}],"curies":[{"name":"wp","href":"https:\/\/api.w.org\/{rel}","templated":true}]}}