{"id":572816,"date":"2026-03-12T10:32:15","date_gmt":"2026-03-12T09:32:15","guid":{"rendered":"https:\/\/loveforever.se\/?post_type=product&#038;p=572816"},"modified":"2026-04-16T23:25:14","modified_gmt":"2026-04-16T21:25:14","slug":"mary-linneblus","status":"publish","type":"product","link":"https:\/\/loveforever.se\/en\/produkt\/mary-linneblus\/","title":{"rendered":"Mary Linneblus, vit, rosa, coral, ljusbl\u00e5"},"content":{"rendered":"","protected":false},"excerpt":{"rendered":"<p>M\u00e5tt (t\u00e4nk p\u00e5 att det alltid kan skilja upp till 1,5cm)<br \/>\nS-M armh\u00e5la-armh\u00e5la 53cm, l\u00e4ngd 66cm<br \/>\nL-XL armh\u00e5la-armh\u00e5la 58cm, l\u00e4ngd 68cm<\/p>","protected":false},"featured_media":572933,"comment_status":"open","ping_status":"closed","template":"","meta":{"_acf_changed":false},"product_brand":[],"product_cat":[1147],"product_tag":[],"class_list":{"0":"post-572816","1":"product","2":"type-product","3":"status-publish","4":"has-post-thumbnail","6":"product_cat-toppar-blusar","8":"first","9":"instock","10":"taxable","11":"shipping-taxable","12":"purchasable","13":"product-type-variable"},"acf":[],"gallery_images":[572924,572927,572929,572930,572928,572925,572926,572931,572932,572934,572935,572936],"_links":{"self":[{"href":"https:\/\/loveforever.se\/en\/wp-json\/wp\/v2\/product\/572816","targetHints":{"allow":["GET"]}}],"collection":[{"href":"https:\/\/loveforever.se\/en\/wp-json\/wp\/v2\/product"}],"about":[{"href":"https:\/\/loveforever.se\/en\/wp-json\/wp\/v2\/types\/product"}],"replies":[{"embeddable":true,"href":"https:\/\/loveforever.se\/en\/wp-json\/wp\/v2\/comments?post=572816"}],"wp:featuredmedia":[{"embeddable":true,"href":"https:\/\/loveforever.se\/en\/wp-json\/wp\/v2\/media\/572933"}],"wp:attachment":[{"href":"https:\/\/loveforever.se\/en\/wp-json\/wp\/v2\/media?parent=572816"}],"wp:term":[{"taxonomy":"product_brand","embeddable":true,"href":"https:\/\/loveforever.se\/en\/wp-json\/wp\/v2\/product_brand?post=572816"},{"taxonomy":"product_cat","embeddable":true,"href":"https:\/\/loveforever.se\/en\/wp-json\/wp\/v2\/product_cat?post=572816"},{"taxonomy":"product_tag","embeddable":true,"href":"https:\/\/loveforever.se\/en\/wp-json\/wp\/v2\/product_tag?post=572816"}],"curies":[{"name":"wp","href":"https:\/\/api.w.org\/{rel}","templated":true}]}}