{"id":572826,"date":"2026-03-12T11:07:12","date_gmt":"2026-03-12T10:07:12","guid":{"rendered":"https:\/\/loveforever.se\/?post_type=product&#038;p=572826"},"modified":"2026-04-16T12:16:32","modified_gmt":"2026-04-16T10:16:32","slug":"mette-linneblus","status":"publish","type":"product","link":"https:\/\/loveforever.se\/en\/produkt\/mette-linneblus\/","title":{"rendered":"Mette Linneblus"},"content":{"rendered":"","protected":false},"excerpt":{"rendered":"<p>M\u00e5tt (t\u00e4nk p\u00e5 att det alltid kan skilja upp till 1,5cm<br \/>\nS-M armh\u00e5la-armh\u00e5la 58cm, l\u00e4ngd fram 60cm, l\u00e4ngd bak 70cm<br \/>\nL-XL armh\u00e5la-armh\u00e5la 61cm, l\u00e4ngd fram 62cm, bak 72cm<\/p>","protected":false},"featured_media":572944,"comment_status":"open","ping_status":"closed","template":"","meta":{"_acf_changed":false},"product_brand":[],"product_cat":[1147],"product_tag":[],"class_list":{"0":"post-572826","1":"product","2":"type-product","3":"status-publish","4":"has-post-thumbnail","6":"product_cat-toppar-blusar","8":"first","9":"instock","10":"taxable","11":"shipping-taxable","12":"purchasable","13":"product-type-variable"},"acf":[],"gallery_images":[572938,572943,572941,572940],"_links":{"self":[{"href":"https:\/\/loveforever.se\/en\/wp-json\/wp\/v2\/product\/572826","targetHints":{"allow":["GET"]}}],"collection":[{"href":"https:\/\/loveforever.se\/en\/wp-json\/wp\/v2\/product"}],"about":[{"href":"https:\/\/loveforever.se\/en\/wp-json\/wp\/v2\/types\/product"}],"replies":[{"embeddable":true,"href":"https:\/\/loveforever.se\/en\/wp-json\/wp\/v2\/comments?post=572826"}],"wp:featuredmedia":[{"embeddable":true,"href":"https:\/\/loveforever.se\/en\/wp-json\/wp\/v2\/media\/572944"}],"wp:attachment":[{"href":"https:\/\/loveforever.se\/en\/wp-json\/wp\/v2\/media?parent=572826"}],"wp:term":[{"taxonomy":"product_brand","embeddable":true,"href":"https:\/\/loveforever.se\/en\/wp-json\/wp\/v2\/product_brand?post=572826"},{"taxonomy":"product_cat","embeddable":true,"href":"https:\/\/loveforever.se\/en\/wp-json\/wp\/v2\/product_cat?post=572826"},{"taxonomy":"product_tag","embeddable":true,"href":"https:\/\/loveforever.se\/en\/wp-json\/wp\/v2\/product_tag?post=572826"}],"curies":[{"name":"wp","href":"https:\/\/api.w.org\/{rel}","templated":true}]}}