{"id":572849,"date":"2026-03-12T11:40:18","date_gmt":"2026-03-12T10:40:18","guid":{"rendered":"https:\/\/loveforever.se\/?post_type=product&#038;p=572849"},"modified":"2026-03-12T11:40:20","modified_gmt":"2026-03-12T10:40:20","slug":"naomi-kort-linneklanning","status":"publish","type":"product","link":"https:\/\/loveforever.se\/en\/produkt\/naomi-kort-linneklanning\/","title":{"rendered":"Naomi Kort Linnekl\u00e4nning"},"content":{"rendered":"","protected":false},"excerpt":{"rendered":"<p>M\u00e5tt (t\u00e4nk p\u00e5 att det alltid kan skilja upp till 1,5cm)<br \/>\nS-M, armh\u00e5la-armh\u00e5la 57cm, l\u00e4ngd 100cm<br \/>\nL-XL, armh\u00e5la-armh\u00e5la 61cm, l\u00e4ngd 102cm<\/p>","protected":false},"featured_media":0,"comment_status":"open","ping_status":"closed","template":"","meta":{"_acf_changed":false},"product_brand":[],"product_cat":[15],"product_tag":[],"class_list":{"0":"post-572849","1":"product","2":"type-product","3":"status-publish","5":"product_cat-okategoriserad","7":"first","8":"instock","9":"taxable","10":"shipping-taxable","11":"purchasable","12":"product-type-variable"},"acf":[],"gallery_images":[],"_links":{"self":[{"href":"https:\/\/loveforever.se\/en\/wp-json\/wp\/v2\/product\/572849","targetHints":{"allow":["GET"]}}],"collection":[{"href":"https:\/\/loveforever.se\/en\/wp-json\/wp\/v2\/product"}],"about":[{"href":"https:\/\/loveforever.se\/en\/wp-json\/wp\/v2\/types\/product"}],"replies":[{"embeddable":true,"href":"https:\/\/loveforever.se\/en\/wp-json\/wp\/v2\/comments?post=572849"}],"wp:attachment":[{"href":"https:\/\/loveforever.se\/en\/wp-json\/wp\/v2\/media?parent=572849"}],"wp:term":[{"taxonomy":"product_brand","embeddable":true,"href":"https:\/\/loveforever.se\/en\/wp-json\/wp\/v2\/product_brand?post=572849"},{"taxonomy":"product_cat","embeddable":true,"href":"https:\/\/loveforever.se\/en\/wp-json\/wp\/v2\/product_cat?post=572849"},{"taxonomy":"product_tag","embeddable":true,"href":"https:\/\/loveforever.se\/en\/wp-json\/wp\/v2\/product_tag?post=572849"}],"curies":[{"name":"wp","href":"https:\/\/api.w.org\/{rel}","templated":true}]}}