{"id":573101,"date":"2026-03-16T23:20:10","date_gmt":"2026-03-16T22:20:10","guid":{"rendered":"https:\/\/loveforever.se\/?post_type=product&#038;p=573101"},"modified":"2026-03-28T12:12:10","modified_gmt":"2026-03-28T11:12:10","slug":"natalia-ring-blue","status":"publish","type":"product","link":"https:\/\/loveforever.se\/en\/produkt\/natalia-ring-blue\/","title":{"rendered":"Natalia Ring Blue"},"content":{"rendered":"","protected":false},"excerpt":{"rendered":"<p>Boho luxe och \u00e4kta Love Forever-stil i ett magiskt statement! Lyxiga bl\u00e5 swarovskistenar, g\u00f6r ringen till ett riktigt statementsmycket. Ringen \u00e4r gjord av guldpl\u00e4terad m\u00e4ssing och prydd med en skimrande Swarovski-kristall i pastellig nyans. Justerbar p\u00e5 baksidan och l\u00e4ttburen, vilket g\u00f6r att den passar perfekt p\u00e5 alla fingrar. Ringen \u00e4r lika fantastisk till vardags som till fest och ger din stil en lekfull och elegant. 3cm h\u00f6g, 2cm bred. <\/p>","protected":false},"featured_media":573094,"comment_status":"open","ping_status":"closed","template":"","meta":{"_acf_changed":false},"product_brand":[],"product_cat":[1133,1159,1136,1192],"product_tag":[],"class_list":{"0":"post-573101","1":"product","2":"type-product","3":"status-publish","4":"has-post-thumbnail","6":"product_cat-accessoarer","7":"product_cat-nyheter","8":"product_cat-smycken","9":"product_cat-caroline-svedbom","11":"first","12":"instock","13":"taxable","14":"shipping-taxable","15":"purchasable","16":"product-type-simple"},"acf":[],"gallery_images":[573081,573080,573095,573093],"_links":{"self":[{"href":"https:\/\/loveforever.se\/en\/wp-json\/wp\/v2\/product\/573101","targetHints":{"allow":["GET"]}}],"collection":[{"href":"https:\/\/loveforever.se\/en\/wp-json\/wp\/v2\/product"}],"about":[{"href":"https:\/\/loveforever.se\/en\/wp-json\/wp\/v2\/types\/product"}],"replies":[{"embeddable":true,"href":"https:\/\/loveforever.se\/en\/wp-json\/wp\/v2\/comments?post=573101"}],"wp:featuredmedia":[{"embeddable":true,"href":"https:\/\/loveforever.se\/en\/wp-json\/wp\/v2\/media\/573094"}],"wp:attachment":[{"href":"https:\/\/loveforever.se\/en\/wp-json\/wp\/v2\/media?parent=573101"}],"wp:term":[{"taxonomy":"product_brand","embeddable":true,"href":"https:\/\/loveforever.se\/en\/wp-json\/wp\/v2\/product_brand?post=573101"},{"taxonomy":"product_cat","embeddable":true,"href":"https:\/\/loveforever.se\/en\/wp-json\/wp\/v2\/product_cat?post=573101"},{"taxonomy":"product_tag","embeddable":true,"href":"https:\/\/loveforever.se\/en\/wp-json\/wp\/v2\/product_tag?post=573101"}],"curies":[{"name":"wp","href":"https:\/\/api.w.org\/{rel}","templated":true}]}}