{"id":573125,"date":"2026-03-17T10:12:46","date_gmt":"2026-03-17T09:12:46","guid":{"rendered":"https:\/\/loveforever.se\/?post_type=product&#038;p=573125"},"modified":"2026-04-28T07:24:21","modified_gmt":"2026-04-28T05:24:21","slug":"toxik-jeansshorts-med-virkade-detaljer","status":"publish","type":"product","link":"https:\/\/loveforever.se\/en\/produkt\/toxik-jeansshorts-med-virkade-detaljer\/","title":{"rendered":"Toxik Jeansshorts med virkade detaljer"},"content":{"rendered":"","protected":false},"excerpt":{"rendered":"<p>Superfina jeansshorts med r\u00e5 kant nedtill och s\u00f6ta virkade patches som ger en unik boho luxe-k\u00e4nsla. Den lite vidare passformen i benen skapar en avslappnad och smickrande silhuett \u2013 perfekt f\u00f6r varma dagar.<\/p>\n<p>Tillverkade i 100 % bomull utan stretch, vilket ger en mer klassisk denimk\u00e4nsla och ett snyggt fall. Matcha med en blus, linne eller stickad topp f\u00f6r en somrig och trendig look.<\/p>\n<p>\ud83d\udca1 F\u00f6r b\u00e4sta passform: m\u00e4t dig runt midjan och j\u00e4mf\u00f6r med m\u00e5tten nedan.<\/p>\n<p>Midjem\u00e5tt p\u00e5 shortsen (det \u00e4r ingen stretch i dessa men det t\u00f6jer sig alltid litegrann, men t\u00e4nk p\u00e5 att om din egen midja \u00e4r 72cm, s\u00e5 tar du M):<br \/>\nXS= 68cm<br \/>\nS= 72cm<br \/>\nM = 76cm<br \/>\nL = 80cm\u00a8<br \/>\nXL= 84cm<\/p>","protected":false},"featured_media":573123,"comment_status":"open","ping_status":"closed","template":"","meta":{"_acf_changed":false},"product_brand":[],"product_cat":[1145,1220,1146,1159],"product_tag":[],"class_list":{"0":"post-573125","1":"product","2":"type-product","3":"status-publish","4":"has-post-thumbnail","6":"product_cat-denim","7":"product_cat-jeansshorts-dam","8":"product_cat-nederdelar","9":"product_cat-nyheter","11":"first","12":"instock","13":"taxable","14":"shipping-taxable","15":"purchasable","16":"product-type-variable"},"acf":[],"gallery_images":[573110,573124,573122,573113,573132,573134],"_links":{"self":[{"href":"https:\/\/loveforever.se\/en\/wp-json\/wp\/v2\/product\/573125","targetHints":{"allow":["GET"]}}],"collection":[{"href":"https:\/\/loveforever.se\/en\/wp-json\/wp\/v2\/product"}],"about":[{"href":"https:\/\/loveforever.se\/en\/wp-json\/wp\/v2\/types\/product"}],"replies":[{"embeddable":true,"href":"https:\/\/loveforever.se\/en\/wp-json\/wp\/v2\/comments?post=573125"}],"wp:featuredmedia":[{"embeddable":true,"href":"https:\/\/loveforever.se\/en\/wp-json\/wp\/v2\/media\/573123"}],"wp:attachment":[{"href":"https:\/\/loveforever.se\/en\/wp-json\/wp\/v2\/media?parent=573125"}],"wp:term":[{"taxonomy":"product_brand","embeddable":true,"href":"https:\/\/loveforever.se\/en\/wp-json\/wp\/v2\/product_brand?post=573125"},{"taxonomy":"product_cat","embeddable":true,"href":"https:\/\/loveforever.se\/en\/wp-json\/wp\/v2\/product_cat?post=573125"},{"taxonomy":"product_tag","embeddable":true,"href":"https:\/\/loveforever.se\/en\/wp-json\/wp\/v2\/product_tag?post=573125"}],"curies":[{"name":"wp","href":"https:\/\/api.w.org\/{rel}","templated":true}]}}