{"id":573202,"date":"2026-03-18T19:55:52","date_gmt":"2026-03-18T18:55:52","guid":{"rendered":"https:\/\/loveforever.se\/?post_type=product&#038;p=573202"},"modified":"2026-04-30T11:49:06","modified_gmt":"2026-04-30T09:49:06","slug":"charmie-virkad-kofta-rosa","status":"publish","type":"product","link":"https:\/\/loveforever.se\/en\/produkt\/charmie-virkad-kofta-rosa\/","title":{"rendered":"Charmie Pink Heart Meatball"},"content":{"rendered":"","protected":false},"excerpt":{"rendered":"<p>Supers\u00f6t kofta i vackert virkm\u00f6nster med rosa, somriga detaljer som ger en mjuk och feminin k\u00e4nsla. Den luftiga designen i 100 % bomull g\u00f6r den sval och sk\u00f6n att b\u00e4ra \u2013 perfekt f\u00f6r varmare dagar eller svala sommarkv\u00e4llar.<\/p>\n<p>Koftan \u00e4r l\u00e4tt att matcha och passar lika fint till jeans och shorts som till kjol eller kl\u00e4nning f\u00f6r en romantisk och bohemisk look. Ett riktigt favoritplagg som lyfter din outfit med en h\u00e4rlig f\u00e4rgklick.<\/p>\n<p>One size som passar ca XS\u2013XL.<\/p>","protected":false},"featured_media":573173,"comment_status":"open","ping_status":"closed","template":"","meta":{"_acf_changed":false},"product_brand":[],"product_cat":[1159,1162],"product_tag":[],"class_list":{"0":"post-573202","1":"product","2":"type-product","3":"status-publish","4":"has-post-thumbnail","6":"product_cat-nyheter","7":"product_cat-stickat","9":"first","10":"instock","11":"taxable","12":"shipping-taxable","13":"purchasable","14":"product-type-simple"},"acf":[],"gallery_images":[573172,573171,573170,573169],"_links":{"self":[{"href":"https:\/\/loveforever.se\/en\/wp-json\/wp\/v2\/product\/573202","targetHints":{"allow":["GET"]}}],"collection":[{"href":"https:\/\/loveforever.se\/en\/wp-json\/wp\/v2\/product"}],"about":[{"href":"https:\/\/loveforever.se\/en\/wp-json\/wp\/v2\/types\/product"}],"replies":[{"embeddable":true,"href":"https:\/\/loveforever.se\/en\/wp-json\/wp\/v2\/comments?post=573202"}],"wp:featuredmedia":[{"embeddable":true,"href":"https:\/\/loveforever.se\/en\/wp-json\/wp\/v2\/media\/573173"}],"wp:attachment":[{"href":"https:\/\/loveforever.se\/en\/wp-json\/wp\/v2\/media?parent=573202"}],"wp:term":[{"taxonomy":"product_brand","embeddable":true,"href":"https:\/\/loveforever.se\/en\/wp-json\/wp\/v2\/product_brand?post=573202"},{"taxonomy":"product_cat","embeddable":true,"href":"https:\/\/loveforever.se\/en\/wp-json\/wp\/v2\/product_cat?post=573202"},{"taxonomy":"product_tag","embeddable":true,"href":"https:\/\/loveforever.se\/en\/wp-json\/wp\/v2\/product_tag?post=573202"}],"curies":[{"name":"wp","href":"https:\/\/api.w.org\/{rel}","templated":true}]}}