{"id":573426,"date":"2026-03-24T22:56:30","date_gmt":"2026-03-24T21:56:30","guid":{"rendered":"https:\/\/loveforever.se\/?post_type=product&#038;p=573426"},"modified":"2026-04-27T13:59:16","modified_gmt":"2026-04-27T11:59:16","slug":"barca-culotte-jeanskjol","status":"publish","type":"product","link":"https:\/\/loveforever.se\/en\/produkt\/barca-culotte-jeanskjol\/","title":{"rendered":"Denim Culotte Skirt"},"content":{"rendered":"","protected":false},"excerpt":{"rendered":"<p>Supercool och trendig jeansbyxkjol i form av vida bermudashorts \u2013 en riktig statementmodell som kombinerar stil och komfort. Tillverkad i ett mjukt och stretchigt jeanstyg som ger en sk\u00f6n passform och r\u00f6relsefrihet hela dagen.<\/p>\n<p>Den vida silhuetten ger en modern och avslappnad look som \u00e4r lika snygg till vardag som till mer uppkl\u00e4dda tillf\u00e4llen. Matcha med boots f\u00f6r en edgy k\u00e4nsla, sneakers f\u00f6r en casual stil eller sandaler under varmare dagar. B\u00e4r med t-shirt, tr\u00f6ja eller kavaj f\u00f6r att skapa din egen look.<\/p>\n<p>Material: 94 % bomull, 4 % polyester, 2 % elastan<br \/>\nNormal i storlek.<\/p>","protected":false},"featured_media":573438,"comment_status":"open","ping_status":"closed","template":"","meta":{"_acf_changed":false},"product_brand":[],"product_cat":[1225,1145,1146,1159,1222,1218],"product_tag":[],"class_list":{"0":"post-573426","1":"product","2":"type-product","3":"status-publish","4":"has-post-thumbnail","6":"product_cat-baggy-jeans","7":"product_cat-denim","8":"product_cat-nederdelar","9":"product_cat-nyheter","10":"product_cat-stretch-jeans-dam","11":"product_cat-utsvangda-jeans-dam","13":"first","14":"instock","15":"taxable","16":"shipping-taxable","17":"purchasable","18":"product-type-variable"},"acf":[],"gallery_images":[573433,573432,573434,573441,573440,573439,573437,573436,573435],"_links":{"self":[{"href":"https:\/\/loveforever.se\/en\/wp-json\/wp\/v2\/product\/573426","targetHints":{"allow":["GET"]}}],"collection":[{"href":"https:\/\/loveforever.se\/en\/wp-json\/wp\/v2\/product"}],"about":[{"href":"https:\/\/loveforever.se\/en\/wp-json\/wp\/v2\/types\/product"}],"replies":[{"embeddable":true,"href":"https:\/\/loveforever.se\/en\/wp-json\/wp\/v2\/comments?post=573426"}],"wp:featuredmedia":[{"embeddable":true,"href":"https:\/\/loveforever.se\/en\/wp-json\/wp\/v2\/media\/573438"}],"wp:attachment":[{"href":"https:\/\/loveforever.se\/en\/wp-json\/wp\/v2\/media?parent=573426"}],"wp:term":[{"taxonomy":"product_brand","embeddable":true,"href":"https:\/\/loveforever.se\/en\/wp-json\/wp\/v2\/product_brand?post=573426"},{"taxonomy":"product_cat","embeddable":true,"href":"https:\/\/loveforever.se\/en\/wp-json\/wp\/v2\/product_cat?post=573426"},{"taxonomy":"product_tag","embeddable":true,"href":"https:\/\/loveforever.se\/en\/wp-json\/wp\/v2\/product_tag?post=573426"}],"curies":[{"name":"wp","href":"https:\/\/api.w.org\/{rel}","templated":true}]}}