{"id":573484,"date":"2026-03-27T00:12:36","date_gmt":"2026-03-26T23:12:36","guid":{"rendered":"https:\/\/loveforever.se\/?post_type=product&#038;p=573484"},"modified":"2026-05-06T16:32:54","modified_gmt":"2026-05-06T14:32:54","slug":"bohemisk-vid-byxkjol-i-multi-rosa-bla-puder-alla-ar-unika","status":"publish","type":"product","link":"https:\/\/loveforever.se\/en\/produkt\/bohemisk-vid-byxkjol-i-multi-rosa-bla-puder-alla-ar-unika\/","title":{"rendered":"Bohemisk vid byxkjol i multi, rosa, bl\u00e5, puder &#8211; alla \u00e4r UNIKA!!!!"},"content":{"rendered":"","protected":false},"excerpt":{"rendered":"<p>Magiskt fin byxkjol med fantastisk vidd som ger k\u00e4nslan av en kjol \u2013 ett riktigt statementplagg med ett vackert, f\u00f6ljsamt fall. Den breda res\u00e5ren i midjan g\u00f6r den b\u00e5de bekv\u00e4m och smickrande, samtidigt som passformen anpassar sig efter kroppen.<\/p>\n<p>Varje byxkjol \u00e4r helt unik och tillverkas av \u00e5terbrukade vintage saree-tyger i Indien av lokala hantverkare. Det inneb\u00e4r att varje plagg har sin egen f\u00e4rgkombination, sitt eget m\u00f6nster och sin egen historia \u2013 ingen \u00e4r den andra lik.<\/p>\n<p>N\u00e4r du v\u00e4ljer Mix kan alla m\u00f6jliga f\u00e4rger f\u00f6rekomma, inspirerade av de plagg du ser p\u00e5 bilderna \u2013 men du kommer inte att f\u00e5 exakt samma. V\u00e4ljer du Pink, Blue eller Powder f\u00e5r du en unik byxkjol inom den f\u00e4rgskalan:<\/p>\n<p>Pink \u2013 olika nyanser av rosa<\/p>\n<p>Blue \u2013 olika nyanser av bl\u00e5tt<\/p>\n<p>Powder \u2013 mjuka, pudriga toner<\/p>\n<p>Du kan g\u00e4rna l\u00e4mna \u00f6nskem\u00e5l kring f\u00e4rgton \u2013 vi f\u00f6rs\u00f6ker matcha s\u00e5 n\u00e4ra som m\u00f6jligt, men varje plagg \u00e4r unikt.<\/p>\n<p>One size \u2013 passar XS\u2013XL.<\/p>\n<p>Leverans sker mitten av maj, s\u00e5 v\u00e4lj Klarna faktura, s\u00e5 faktureras du f\u00f6rst n\u00e4r vi s\u00e4nder din order. <\/p>","protected":false},"featured_media":573529,"comment_status":"open","ping_status":"closed","template":"","meta":{"_acf_changed":false},"product_brand":[],"product_cat":[1146,1159],"product_tag":[],"class_list":{"0":"post-573484","1":"product","2":"type-product","3":"status-publish","4":"has-post-thumbnail","6":"product_cat-nederdelar","7":"product_cat-nyheter","9":"first","10":"instock","11":"taxable","12":"shipping-taxable","13":"purchasable","14":"product-type-variable"},"acf":[],"gallery_images":[573527,573530,573531,573532,573528],"_links":{"self":[{"href":"https:\/\/loveforever.se\/en\/wp-json\/wp\/v2\/product\/573484","targetHints":{"allow":["GET"]}}],"collection":[{"href":"https:\/\/loveforever.se\/en\/wp-json\/wp\/v2\/product"}],"about":[{"href":"https:\/\/loveforever.se\/en\/wp-json\/wp\/v2\/types\/product"}],"replies":[{"embeddable":true,"href":"https:\/\/loveforever.se\/en\/wp-json\/wp\/v2\/comments?post=573484"}],"wp:featuredmedia":[{"embeddable":true,"href":"https:\/\/loveforever.se\/en\/wp-json\/wp\/v2\/media\/573529"}],"wp:attachment":[{"href":"https:\/\/loveforever.se\/en\/wp-json\/wp\/v2\/media?parent=573484"}],"wp:term":[{"taxonomy":"product_brand","embeddable":true,"href":"https:\/\/loveforever.se\/en\/wp-json\/wp\/v2\/product_brand?post=573484"},{"taxonomy":"product_cat","embeddable":true,"href":"https:\/\/loveforever.se\/en\/wp-json\/wp\/v2\/product_cat?post=573484"},{"taxonomy":"product_tag","embeddable":true,"href":"https:\/\/loveforever.se\/en\/wp-json\/wp\/v2\/product_tag?post=573484"}],"curies":[{"name":"wp","href":"https:\/\/api.w.org\/{rel}","templated":true}]}}