{"id":573760,"date":"2026-03-30T16:04:47","date_gmt":"2026-03-30T14:04:47","guid":{"rendered":"https:\/\/loveforever.se\/?post_type=product&#038;p=573760"},"modified":"2026-05-03T09:29:15","modified_gmt":"2026-05-03T07:29:15","slug":"bandana-viskosklanning-bla","status":"publish","type":"product","link":"https:\/\/loveforever.se\/en\/produkt\/bandana-viskosklanning-bla\/","title":{"rendered":"Bandana Viskoskl\u00e4nning Bl\u00e5, Rosa, Coral"},"content":{"rendered":"","protected":false},"excerpt":{"rendered":"<p>Superfin kl\u00e4nning i 100% mjuk viskos med ett trendigt bandanaprint i vackra f\u00e4rger som ljusbl\u00e5, rosa och coral. Den smickrande urringningen ger en feminin k\u00e4nsla, medan den s\u00f6ta volangen nedtill skapar ett fint fall och r\u00f6relse i plagget.<\/p>\n<p>Designad med praktiska fickor i sidorna och res\u00e5r i \u00e4rmsluten som ger en fin passform och m\u00f6jlighet att skapa en l\u00e4tt ballongeffekt. Det mjuka viskostyget k\u00e4nns svalt och sk\u00f6nt mot huden \u2013 perfekt b\u00e5de till vardag och fest.<\/p>\n<p>Matcha med sneakers, sandaler eller boots f\u00f6r olika uttryck \u2013 en riktig favorit i garderoben.<\/p>\n<p>Material: 100% viskos<br \/>\nNormal i storlek<br \/>\nDu f\u00f6rbokar denna, s\u00e5 v\u00e4lj Klarna faktura s\u00e5 aktiverar vi fakturan n\u00e4r vi skickar din order. Leverans mitten-slutet av april <\/p>","protected":false},"featured_media":573761,"comment_status":"open","ping_status":"closed","template":"","meta":{"_acf_changed":false},"product_brand":[],"product_cat":[1151,1138,1156],"product_tag":[],"class_list":{"0":"post-573760","1":"product","2":"type-product","3":"status-publish","4":"has-post-thumbnail","6":"product_cat-klanningar-dam","7":"product_cat-klanningar-tunikor","8":"product_cat-korta","10":"first","11":"instock","12":"taxable","13":"shipping-taxable","14":"purchasable","15":"product-type-variable"},"acf":[],"gallery_images":[573764],"_links":{"self":[{"href":"https:\/\/loveforever.se\/en\/wp-json\/wp\/v2\/product\/573760","targetHints":{"allow":["GET"]}}],"collection":[{"href":"https:\/\/loveforever.se\/en\/wp-json\/wp\/v2\/product"}],"about":[{"href":"https:\/\/loveforever.se\/en\/wp-json\/wp\/v2\/types\/product"}],"replies":[{"embeddable":true,"href":"https:\/\/loveforever.se\/en\/wp-json\/wp\/v2\/comments?post=573760"}],"wp:featuredmedia":[{"embeddable":true,"href":"https:\/\/loveforever.se\/en\/wp-json\/wp\/v2\/media\/573761"}],"wp:attachment":[{"href":"https:\/\/loveforever.se\/en\/wp-json\/wp\/v2\/media?parent=573760"}],"wp:term":[{"taxonomy":"product_brand","embeddable":true,"href":"https:\/\/loveforever.se\/en\/wp-json\/wp\/v2\/product_brand?post=573760"},{"taxonomy":"product_cat","embeddable":true,"href":"https:\/\/loveforever.se\/en\/wp-json\/wp\/v2\/product_cat?post=573760"},{"taxonomy":"product_tag","embeddable":true,"href":"https:\/\/loveforever.se\/en\/wp-json\/wp\/v2\/product_tag?post=573760"}],"curies":[{"name":"wp","href":"https:\/\/api.w.org\/{rel}","templated":true}]}}