{"id":573835,"date":"2026-04-01T15:15:29","date_gmt":"2026-04-01T13:15:29","guid":{"rendered":"https:\/\/loveforever.se\/?post_type=product&#038;p=573835"},"modified":"2026-05-01T09:37:06","modified_gmt":"2026-05-01T07:37:06","slug":"sporty-spetstopp-rod-och-vit","status":"publish","type":"product","link":"https:\/\/loveforever.se\/en\/produkt\/sporty-spetstopp-rod-och-vit\/","title":{"rendered":"Sporty Spetstopp \u2013 red and white"},"content":{"rendered":"","protected":false},"excerpt":{"rendered":"<p>Supersnygg t-shirt i stretchig spets som kombinerar en feminin k\u00e4nsla med en sportig och cool look. Det mjuka och f\u00f6ljsamma materialet ger en smickrande passform som sitter bekv\u00e4mt hela dagen.<\/p>\n<p>Den trendiga texten \u201cLos Angeles 1983, California\u201d p\u00e5 br\u00f6stet ger en avslappnad streetstyle-vibe med retrok\u00e4nsla. Perfekt att b\u00e4ra till jeans, kjol eller shorts f\u00f6r en modern och enkel outfit.<\/p>\n<p>Finns i flera fina f\u00e4rger som rosa, turkos, gul och ljusbl\u00e5 \u2013 perfekta nyanser som lyfter din look.<\/p>\n<p>One size som passar ca XS\u2013L, upp till ett bystm\u00e5tt p\u00e5 110 cm.<\/p>","protected":false},"featured_media":573827,"comment_status":"open","ping_status":"closed","template":"","meta":{"_acf_changed":false},"product_brand":[],"product_cat":[1147,1159,1208],"product_tag":[],"class_list":{"0":"post-573835","1":"product","2":"type-product","3":"status-publish","4":"has-post-thumbnail","6":"product_cat-toppar-blusar","7":"product_cat-nyheter","8":"product_cat-shoppafranlive","10":"first","11":"instock","12":"taxable","13":"shipping-taxable","14":"purchasable","15":"product-type-variable"},"acf":[],"gallery_images":[573828],"_links":{"self":[{"href":"https:\/\/loveforever.se\/en\/wp-json\/wp\/v2\/product\/573835","targetHints":{"allow":["GET"]}}],"collection":[{"href":"https:\/\/loveforever.se\/en\/wp-json\/wp\/v2\/product"}],"about":[{"href":"https:\/\/loveforever.se\/en\/wp-json\/wp\/v2\/types\/product"}],"replies":[{"embeddable":true,"href":"https:\/\/loveforever.se\/en\/wp-json\/wp\/v2\/comments?post=573835"}],"wp:featuredmedia":[{"embeddable":true,"href":"https:\/\/loveforever.se\/en\/wp-json\/wp\/v2\/media\/573827"}],"wp:attachment":[{"href":"https:\/\/loveforever.se\/en\/wp-json\/wp\/v2\/media?parent=573835"}],"wp:term":[{"taxonomy":"product_brand","embeddable":true,"href":"https:\/\/loveforever.se\/en\/wp-json\/wp\/v2\/product_brand?post=573835"},{"taxonomy":"product_cat","embeddable":true,"href":"https:\/\/loveforever.se\/en\/wp-json\/wp\/v2\/product_cat?post=573835"},{"taxonomy":"product_tag","embeddable":true,"href":"https:\/\/loveforever.se\/en\/wp-json\/wp\/v2\/product_tag?post=573835"}],"curies":[{"name":"wp","href":"https:\/\/api.w.org\/{rel}","templated":true}]}}