{"id":573876,"date":"2026-04-01T22:42:46","date_gmt":"2026-04-01T20:42:46","guid":{"rendered":"https:\/\/loveforever.se\/?post_type=product&#038;p=573876"},"modified":"2026-05-05T07:37:00","modified_gmt":"2026-05-05T05:37:00","slug":"sonja-silver-ring-swarovskistenar-rose-o-mint","status":"publish","type":"product","link":"https:\/\/loveforever.se\/en\/produkt\/sonja-silver-ring-swarovskistenar-rose-o-mint\/","title":{"rendered":"Sonja Silver Ring Swarovskistenar, Rose o Mint"},"content":{"rendered":"","protected":false},"excerpt":{"rendered":"<p>Uppt\u00e4ck v\u00e5ra ljuvliga ringar med Swarovskisten i magiska nyanser av rose och mint \u2013 en perfekt detalj som ger din look det d\u00e4r lilla extra. De skimrande stenarna f\u00e5ngar ljuset p\u00e5 ett s\u00e4tt som k\u00e4nns b\u00e5de exklusivt och romantiskt, samtidigt som f\u00e4rgerna ger en mjuk och modern k\u00e4nsla.<\/p>\n<p>Ringarna \u00e4r tillverkade i silverf\u00e4rgat material och \u00e4r justerbara p\u00e5 baksidan, vilket g\u00f6r att de passar de flesta fingrar och \u00e4r enkla att anpassa f\u00f6r perfekt passform.<\/p>\n<p>En riktig lyxig k\u00e4nsla till ett fantastiskt pris \u2013 perfekta b\u00e5de till vardags och fest. Matcha med dina favoritplagg f\u00f6r en stilren look eller l\u00e5t ringen bli en statementdetalj \ud83c\udf38<\/p>","protected":false},"featured_media":573870,"comment_status":"open","ping_status":"closed","template":"","meta":{"_acf_changed":false},"product_brand":[],"product_cat":[1133,1192],"product_tag":[],"class_list":{"0":"post-573876","1":"product","2":"type-product","3":"status-publish","4":"has-post-thumbnail","6":"product_cat-accessoarer","7":"product_cat-caroline-svedbom","9":"first","10":"instock","11":"taxable","12":"shipping-taxable","13":"purchasable","14":"product-type-variable"},"acf":[],"gallery_images":[573873,573872],"_links":{"self":[{"href":"https:\/\/loveforever.se\/en\/wp-json\/wp\/v2\/product\/573876","targetHints":{"allow":["GET"]}}],"collection":[{"href":"https:\/\/loveforever.se\/en\/wp-json\/wp\/v2\/product"}],"about":[{"href":"https:\/\/loveforever.se\/en\/wp-json\/wp\/v2\/types\/product"}],"replies":[{"embeddable":true,"href":"https:\/\/loveforever.se\/en\/wp-json\/wp\/v2\/comments?post=573876"}],"wp:featuredmedia":[{"embeddable":true,"href":"https:\/\/loveforever.se\/en\/wp-json\/wp\/v2\/media\/573870"}],"wp:attachment":[{"href":"https:\/\/loveforever.se\/en\/wp-json\/wp\/v2\/media?parent=573876"}],"wp:term":[{"taxonomy":"product_brand","embeddable":true,"href":"https:\/\/loveforever.se\/en\/wp-json\/wp\/v2\/product_brand?post=573876"},{"taxonomy":"product_cat","embeddable":true,"href":"https:\/\/loveforever.se\/en\/wp-json\/wp\/v2\/product_cat?post=573876"},{"taxonomy":"product_tag","embeddable":true,"href":"https:\/\/loveforever.se\/en\/wp-json\/wp\/v2\/product_tag?post=573876"}],"curies":[{"name":"wp","href":"https:\/\/api.w.org\/{rel}","templated":true}]}}