{"id":573957,"date":"2026-04-03T10:29:26","date_gmt":"2026-04-03T08:29:26","guid":{"rendered":"https:\/\/loveforever.se\/?post_type=product&#038;p=573957"},"modified":"2026-05-04T09:34:38","modified_gmt":"2026-05-04T07:34:38","slug":"ninnie-luxe-set-rosa-eller-creme","status":"publish","type":"product","link":"https:\/\/loveforever.se\/en\/produkt\/ninnie-luxe-set-rosa-eller-creme\/","title":{"rendered":"Ninnie Luxe Set Rosa eller Creme"},"content":{"rendered":"","protected":false},"excerpt":{"rendered":"<p>Magiskt set i riktig boho luxe-k\u00e4nsla \u2728<br \/>\nEtt dr\u00f6mset som du b\u00e5de k\u00e4nner dig bekv\u00e4m och helt fantastisk i<br \/>\nTillverkat i mjuk bomull som andas och faller s\u00e5 fint<br \/>\nByxkjol med sk\u00f6n l\u00e4ngd och fickor (ja tack \ud83d\ude4c) \u2013 ser ut som kjol men med all komfort fr\u00e5n byxor<br \/>\nToppen \u00e4r off shoulder med res\u00e5r som sitter perfekt och ger en feminin siluett<br \/>\nFinns i tv\u00e5 underbara f\u00e4rger<br \/>\nOne size \u2013 passar XS\u2013L<br \/>\nModellen \u00e4r 168 cm<br \/>\nPerfekt set f\u00f6r b\u00e5de vardag och fest \u2013 styla med sneakers, sandaler eller klackar beroende p\u00e5 mood <\/p>","protected":false},"featured_media":573958,"comment_status":"open","ping_status":"closed","template":"","meta":{"_acf_changed":false},"product_brand":[],"product_cat":[1138,1146,1159,1208],"product_tag":[],"class_list":{"0":"post-573957","1":"product","2":"type-product","3":"status-publish","4":"has-post-thumbnail","6":"product_cat-klanningar-tunikor","7":"product_cat-nederdelar","8":"product_cat-nyheter","9":"product_cat-shoppafranlive","11":"first","12":"instock","13":"taxable","14":"shipping-taxable","15":"purchasable","16":"product-type-variable"},"acf":[],"gallery_images":[573956,573955,573954,573953,573952,573951,573950,573948],"_links":{"self":[{"href":"https:\/\/loveforever.se\/en\/wp-json\/wp\/v2\/product\/573957","targetHints":{"allow":["GET"]}}],"collection":[{"href":"https:\/\/loveforever.se\/en\/wp-json\/wp\/v2\/product"}],"about":[{"href":"https:\/\/loveforever.se\/en\/wp-json\/wp\/v2\/types\/product"}],"replies":[{"embeddable":true,"href":"https:\/\/loveforever.se\/en\/wp-json\/wp\/v2\/comments?post=573957"}],"wp:featuredmedia":[{"embeddable":true,"href":"https:\/\/loveforever.se\/en\/wp-json\/wp\/v2\/media\/573958"}],"wp:attachment":[{"href":"https:\/\/loveforever.se\/en\/wp-json\/wp\/v2\/media?parent=573957"}],"wp:term":[{"taxonomy":"product_brand","embeddable":true,"href":"https:\/\/loveforever.se\/en\/wp-json\/wp\/v2\/product_brand?post=573957"},{"taxonomy":"product_cat","embeddable":true,"href":"https:\/\/loveforever.se\/en\/wp-json\/wp\/v2\/product_cat?post=573957"},{"taxonomy":"product_tag","embeddable":true,"href":"https:\/\/loveforever.se\/en\/wp-json\/wp\/v2\/product_tag?post=573957"}],"curies":[{"name":"wp","href":"https:\/\/api.w.org\/{rel}","templated":true}]}}