{"id":573978,"date":"2026-04-03T11:32:24","date_gmt":"2026-04-03T09:32:24","guid":{"rendered":"https:\/\/loveforever.se\/?post_type=product&#038;p=573978"},"modified":"2026-04-11T14:32:52","modified_gmt":"2026-04-11T12:32:52","slug":"goldie-set-rosa-och-bla","status":"publish","type":"product","link":"https:\/\/loveforever.se\/en\/produkt\/goldie-set-rosa-och-bla\/","title":{"rendered":"Goldie Set Rosa och Bl\u00e5"},"content":{"rendered":"","protected":false},"excerpt":{"rendered":"<p>Supers\u00f6tt boho luxe set med off shoulder-blus och shorts \u2013 ett riktigt dr\u00f6mplagg f\u00f6r varma dagar \ud83c\udf38<\/p>\n<p>Setet \u00e4r gjort i ett mjukt och sk\u00f6nt material som k\u00e4nns fantastiskt mot huden och faller s\u00e5 fint. Blusen b\u00e4rs off shoulder och har en feminin passform som framh\u00e4ver axlarna p\u00e5 ett snyggt och avslappnat s\u00e4tt.<\/p>\n<p>Shortsen har en perfekt l\u00e4ngd med praktiska fickor (vi \u00e4lskar!) och tillsammans med de vackra broderade detaljerna f\u00e5r hela setet en exklusiv, bohemisk k\u00e4nsla.<\/p>\n<p>Passar lika bra till vardag som semester och sommarens alla tillf\u00e4llen \u2013 styla med sneakers, sandaler eller boots f\u00f6r en mer edgy look \u2728<\/p>\n<p>\ud83d\udc49 Normal i storlek<br \/>\n\ud83d\udc49 B\u00e5da modellerna har storlek S-M (och skulle \u00e4ven kunna g\u00e5 ner en storlek)<br \/>\nSupermjukt bomullstyg.<\/p>","protected":false},"featured_media":573977,"comment_status":"open","ping_status":"closed","template":"","meta":{"_acf_changed":false},"product_brand":[],"product_cat":[1146,1159,1166],"product_tag":[],"class_list":{"0":"post-573978","1":"product","2":"type-product","3":"status-publish","4":"has-post-thumbnail","6":"product_cat-nederdelar","7":"product_cat-nyheter","8":"product_cat-shop-the-look","10":"first","11":"instock","12":"taxable","13":"shipping-taxable","14":"purchasable","15":"product-type-variable"},"acf":[],"gallery_images":[573966,573975,573976,573965,573964,573963],"_links":{"self":[{"href":"https:\/\/loveforever.se\/en\/wp-json\/wp\/v2\/product\/573978","targetHints":{"allow":["GET"]}}],"collection":[{"href":"https:\/\/loveforever.se\/en\/wp-json\/wp\/v2\/product"}],"about":[{"href":"https:\/\/loveforever.se\/en\/wp-json\/wp\/v2\/types\/product"}],"replies":[{"embeddable":true,"href":"https:\/\/loveforever.se\/en\/wp-json\/wp\/v2\/comments?post=573978"}],"wp:featuredmedia":[{"embeddable":true,"href":"https:\/\/loveforever.se\/en\/wp-json\/wp\/v2\/media\/573977"}],"wp:attachment":[{"href":"https:\/\/loveforever.se\/en\/wp-json\/wp\/v2\/media?parent=573978"}],"wp:term":[{"taxonomy":"product_brand","embeddable":true,"href":"https:\/\/loveforever.se\/en\/wp-json\/wp\/v2\/product_brand?post=573978"},{"taxonomy":"product_cat","embeddable":true,"href":"https:\/\/loveforever.se\/en\/wp-json\/wp\/v2\/product_cat?post=573978"},{"taxonomy":"product_tag","embeddable":true,"href":"https:\/\/loveforever.se\/en\/wp-json\/wp\/v2\/product_tag?post=573978"}],"curies":[{"name":"wp","href":"https:\/\/api.w.org\/{rel}","templated":true}]}}