{"id":573984,"date":"2026-04-03T11:38:20","date_gmt":"2026-04-03T09:38:20","guid":{"rendered":"https:\/\/loveforever.se\/?post_type=product&#038;p=573984"},"modified":"2026-05-03T07:27:30","modified_gmt":"2026-05-03T05:27:30","slug":"beckie-bohemisk-klanning-turkos-o-rosa","status":"publish","type":"product","link":"https:\/\/loveforever.se\/en\/produkt\/beckie-bohemisk-klanning-turkos-o-rosa\/","title":{"rendered":"Beckie Bohemian Dress Turquoise and Pink"},"content":{"rendered":"","protected":false},"excerpt":{"rendered":"<p>En helt underbar kl\u00e4nning i magiska f\u00e4rger av rosa och turkos \u2013 ett riktigt dr\u00f6mplagg i lyxig boho-stil \ud83c\udf38<\/p>\n<p>Det trendiga bandana-printet tillsammans med de exklusiva broderierna i tyget ger kl\u00e4nningen ett unikt och exklusivt uttryck. Den smickrande passformen med res\u00e5r under bysten framh\u00e4ver figuren p\u00e5 ett fint och avslappnat s\u00e4tt.<\/p>\n<p>Kl\u00e4nningen \u00e4r tillverkad i en luftig bomull-linne-mix som k\u00e4nns sval och behaglig \u2013 perfekt f\u00f6r b\u00e5de varma sommardagar och semesterkv\u00e4llar.<\/p>\n<p>Och ja\u2026 den har fickor i sidorna \ud83d\ude4c<\/p>\n<p>Ett plagg du bara sl\u00e4nger p\u00e5 dig och k\u00e4nner dig b\u00e5de bekv\u00e4m och fantastisk i \u2013 styla med sneakers, sandaler eller boots beroende p\u00e5 mood \u2728<\/p>\n<p>\ud83d\udc49 One size \u2013 passar S\u2013XL<\/p>","protected":false},"featured_media":574842,"comment_status":"open","ping_status":"closed","template":"","meta":{"_acf_changed":false},"product_brand":[],"product_cat":[1155,1151,1138,1226,1152,1159],"product_tag":[],"class_list":{"0":"post-573984","1":"product","2":"type-product","3":"status-publish","4":"has-post-thumbnail","6":"product_cat-bohemiska","7":"product_cat-klanningar-dam","8":"product_cat-klanningar-tunikor","9":"product_cat-maxiklanningar","10":"product_cat-monstrade","11":"product_cat-nyheter","13":"first","14":"instock","15":"taxable","16":"shipping-taxable","17":"purchasable","18":"product-type-variable"},"acf":[],"gallery_images":[573974,574309,574308,574307,574306],"_links":{"self":[{"href":"https:\/\/loveforever.se\/en\/wp-json\/wp\/v2\/product\/573984","targetHints":{"allow":["GET"]}}],"collection":[{"href":"https:\/\/loveforever.se\/en\/wp-json\/wp\/v2\/product"}],"about":[{"href":"https:\/\/loveforever.se\/en\/wp-json\/wp\/v2\/types\/product"}],"replies":[{"embeddable":true,"href":"https:\/\/loveforever.se\/en\/wp-json\/wp\/v2\/comments?post=573984"}],"wp:featuredmedia":[{"embeddable":true,"href":"https:\/\/loveforever.se\/en\/wp-json\/wp\/v2\/media\/574842"}],"wp:attachment":[{"href":"https:\/\/loveforever.se\/en\/wp-json\/wp\/v2\/media?parent=573984"}],"wp:term":[{"taxonomy":"product_brand","embeddable":true,"href":"https:\/\/loveforever.se\/en\/wp-json\/wp\/v2\/product_brand?post=573984"},{"taxonomy":"product_cat","embeddable":true,"href":"https:\/\/loveforever.se\/en\/wp-json\/wp\/v2\/product_cat?post=573984"},{"taxonomy":"product_tag","embeddable":true,"href":"https:\/\/loveforever.se\/en\/wp-json\/wp\/v2\/product_tag?post=573984"}],"curies":[{"name":"wp","href":"https:\/\/api.w.org\/{rel}","templated":true}]}}